{"id":117,"date":"2020-08-18T16:18:47","date_gmt":"2020-08-18T16:18:47","guid":{"rendered":"http:\/\/birewegge.com\/?page_id=117"},"modified":"2022-01-31T12:46:58","modified_gmt":"2022-01-31T12:46:58","slug":"2018-2","status":"publish","type":"page","link":"https:\/\/birewegge.com\/?page_id=117","title":{"rendered":"2018"},"content":{"rendered":"\n<figure class=\"wp-block-gallery has-nested-images columns-default is-cropped wp-block-gallery-1 is-layout-flex wp-block-gallery-is-layout-flex\">\n<figure class=\"wp-block-image size-large\"><img loading=\"lazy\" decoding=\"async\" width=\"577\" height=\"1024\" data-id=\"118\" src=\"https:\/\/birewegge.com\/wp-content\/uploads\/2020\/08\/26_2018-02-21-33-577x1024.jpg\" alt=\"\" class=\"wp-image-118\" srcset=\"https:\/\/birewegge.com\/wp-content\/uploads\/2020\/08\/26_2018-02-21-33-577x1024.jpg 577w, https:\/\/birewegge.com\/wp-content\/uploads\/2020\/08\/26_2018-02-21-33-169x300.jpg 169w, https:\/\/birewegge.com\/wp-content\/uploads\/2020\/08\/26_2018-02-21-33-768x1362.jpg 768w, https:\/\/birewegge.com\/wp-content\/uploads\/2020\/08\/26_2018-02-21-33-866x1536.jpg 866w, https:\/\/birewegge.com\/wp-content\/uploads\/2020\/08\/26_2018-02-21-33-1155x2048.jpg 1155w, https:\/\/birewegge.com\/wp-content\/uploads\/2020\/08\/26_2018-02-21-33-1600x2838.jpg 1600w, https:\/\/birewegge.com\/wp-content\/uploads\/2020\/08\/26_2018-02-21-33-scaled.jpg 1443w\" sizes=\"auto, (max-width: 577px) 100vw, 577px\" \/><\/figure>\n\n\n\n<figure class=\"wp-block-image size-large\"><img loading=\"lazy\" decoding=\"async\" width=\"1024\" height=\"577\" data-id=\"119\" src=\"https:\/\/birewegge.com\/wp-content\/uploads\/2020\/08\/26_2018-02-21-01-1024x577.jpg\" alt=\"\" class=\"wp-image-119\" srcset=\"https:\/\/birewegge.com\/wp-content\/uploads\/2020\/08\/26_2018-02-21-01-1024x577.jpg 1024w, https:\/\/birewegge.com\/wp-content\/uploads\/2020\/08\/26_2018-02-21-01-300x169.jpg 300w, https:\/\/birewegge.com\/wp-content\/uploads\/2020\/08\/26_2018-02-21-01-768x433.jpg 768w, https:\/\/birewegge.com\/wp-content\/uploads\/2020\/08\/26_2018-02-21-01-1536x866.jpg 1536w, https:\/\/birewegge.com\/wp-content\/uploads\/2020\/08\/26_2018-02-21-01-2048x1155.jpg 2048w, https:\/\/birewegge.com\/wp-content\/uploads\/2020\/08\/26_2018-02-21-01-1600x902.jpg 1600w\" sizes=\"auto, (max-width: 1024px) 100vw, 1024px\" \/><\/figure>\n\n\n\n<figure class=\"wp-block-image size-large\"><img loading=\"lazy\" decoding=\"async\" width=\"1024\" height=\"577\" data-id=\"120\" src=\"https:\/\/birewegge.com\/wp-content\/uploads\/2020\/08\/26_2018-02-21-03s-1024x577.jpg\" alt=\"\" class=\"wp-image-120\" srcset=\"https:\/\/birewegge.com\/wp-content\/uploads\/2020\/08\/26_2018-02-21-03s-1024x577.jpg 1024w, https:\/\/birewegge.com\/wp-content\/uploads\/2020\/08\/26_2018-02-21-03s-300x169.jpg 300w, https:\/\/birewegge.com\/wp-content\/uploads\/2020\/08\/26_2018-02-21-03s-768x433.jpg 768w, https:\/\/birewegge.com\/wp-content\/uploads\/2020\/08\/26_2018-02-21-03s-1536x866.jpg 1536w, https:\/\/birewegge.com\/wp-content\/uploads\/2020\/08\/26_2018-02-21-03s-2048x1155.jpg 2048w, https:\/\/birewegge.com\/wp-content\/uploads\/2020\/08\/26_2018-02-21-03s-1600x902.jpg 1600w\" sizes=\"auto, (max-width: 1024px) 100vw, 1024px\" \/><\/figure>\n\n\n\n<figure class=\"wp-block-image size-large\"><img loading=\"lazy\" decoding=\"async\" width=\"1024\" height=\"576\" data-id=\"121\" src=\"https:\/\/birewegge.com\/wp-content\/uploads\/2020\/08\/26_dsc04025-1024x576.jpg\" alt=\"\" class=\"wp-image-121\" srcset=\"https:\/\/birewegge.com\/wp-content\/uploads\/2020\/08\/26_dsc04025-1024x576.jpg 1024w, https:\/\/birewegge.com\/wp-content\/uploads\/2020\/08\/26_dsc04025-300x169.jpg 300w, https:\/\/birewegge.com\/wp-content\/uploads\/2020\/08\/26_dsc04025-768x432.jpg 768w, https:\/\/birewegge.com\/wp-content\/uploads\/2020\/08\/26_dsc04025-1536x865.jpg 1536w, https:\/\/birewegge.com\/wp-content\/uploads\/2020\/08\/26_dsc04025-2048x1153.jpg 2048w, https:\/\/birewegge.com\/wp-content\/uploads\/2020\/08\/26_dsc04025-1600x901.jpg 1600w\" sizes=\"auto, (max-width: 1024px) 100vw, 1024px\" \/><\/figure>\n\n\n\n<figure class=\"wp-block-image size-large\"><img loading=\"lazy\" decoding=\"async\" width=\"1024\" height=\"576\" data-id=\"122\" src=\"https:\/\/birewegge.com\/wp-content\/uploads\/2020\/08\/26_dsc04083-1024x576.jpg\" alt=\"\" class=\"wp-image-122\" srcset=\"https:\/\/birewegge.com\/wp-content\/uploads\/2020\/08\/26_dsc04083-1024x576.jpg 1024w, https:\/\/birewegge.com\/wp-content\/uploads\/2020\/08\/26_dsc04083-300x169.jpg 300w, https:\/\/birewegge.com\/wp-content\/uploads\/2020\/08\/26_dsc04083-768x432.jpg 768w, https:\/\/birewegge.com\/wp-content\/uploads\/2020\/08\/26_dsc04083-1536x865.jpg 1536w, https:\/\/birewegge.com\/wp-content\/uploads\/2020\/08\/26_dsc04083-2048x1153.jpg 2048w, https:\/\/birewegge.com\/wp-content\/uploads\/2020\/08\/26_dsc04083-1600x901.jpg 1600w\" sizes=\"auto, (max-width: 1024px) 100vw, 1024px\" \/><\/figure>\n\n\n\n<figure class=\"wp-block-image size-large\"><img loading=\"lazy\" decoding=\"async\" width=\"1024\" height=\"576\" data-id=\"123\" src=\"https:\/\/birewegge.com\/wp-content\/uploads\/2020\/08\/26_dsc04108-1024x576.jpg\" alt=\"\" class=\"wp-image-123\" srcset=\"https:\/\/birewegge.com\/wp-content\/uploads\/2020\/08\/26_dsc04108-1024x576.jpg 1024w, https:\/\/birewegge.com\/wp-content\/uploads\/2020\/08\/26_dsc04108-300x169.jpg 300w, https:\/\/birewegge.com\/wp-content\/uploads\/2020\/08\/26_dsc04108-768x432.jpg 768w, https:\/\/birewegge.com\/wp-content\/uploads\/2020\/08\/26_dsc04108-1536x865.jpg 1536w, https:\/\/birewegge.com\/wp-content\/uploads\/2020\/08\/26_dsc04108-2048x1153.jpg 2048w, https:\/\/birewegge.com\/wp-content\/uploads\/2020\/08\/26_dsc04108-1600x901.jpg 1600w\" sizes=\"auto, (max-width: 1024px) 100vw, 1024px\" \/><\/figure>\n\n\n\n<figure class=\"wp-block-image size-large\"><img loading=\"lazy\" decoding=\"async\" width=\"768\" height=\"1024\" data-id=\"124\" src=\"https:\/\/birewegge.com\/wp-content\/uploads\/2020\/08\/26_fullsizeoutput2374-768x1024.jpg\" alt=\"\" class=\"wp-image-124\" srcset=\"https:\/\/birewegge.com\/wp-content\/uploads\/2020\/08\/26_fullsizeoutput2374-768x1024.jpg 768w, https:\/\/birewegge.com\/wp-content\/uploads\/2020\/08\/26_fullsizeoutput2374-225x300.jpg 225w, https:\/\/birewegge.com\/wp-content\/uploads\/2020\/08\/26_fullsizeoutput2374-1152x1536.jpg 1152w, https:\/\/birewegge.com\/wp-content\/uploads\/2020\/08\/26_fullsizeoutput2374-1536x2048.jpg 1536w, https:\/\/birewegge.com\/wp-content\/uploads\/2020\/08\/26_fullsizeoutput2374-1600x2134.jpg 1600w, https:\/\/birewegge.com\/wp-content\/uploads\/2020\/08\/26_fullsizeoutput2374-scaled.jpg 1920w\" sizes=\"auto, (max-width: 768px) 100vw, 768px\" \/><\/figure>\n\n\n\n<figure class=\"wp-block-image size-large\"><img loading=\"lazy\" decoding=\"async\" width=\"1024\" height=\"768\" data-id=\"125\" src=\"https:\/\/birewegge.com\/wp-content\/uploads\/2020\/08\/26_img0369-1024x768.jpg\" alt=\"\" class=\"wp-image-125\" srcset=\"https:\/\/birewegge.com\/wp-content\/uploads\/2020\/08\/26_img0369-1024x768.jpg 1024w, https:\/\/birewegge.com\/wp-content\/uploads\/2020\/08\/26_img0369-300x225.jpg 300w, https:\/\/birewegge.com\/wp-content\/uploads\/2020\/08\/26_img0369-768x576.jpg 768w, https:\/\/birewegge.com\/wp-content\/uploads\/2020\/08\/26_img0369-1536x1152.jpg 1536w, https:\/\/birewegge.com\/wp-content\/uploads\/2020\/08\/26_img0369-1600x1200.jpg 1600w, https:\/\/birewegge.com\/wp-content\/uploads\/2020\/08\/26_img0369.jpg 2016w\" sizes=\"auto, (max-width: 1024px) 100vw, 1024px\" \/><\/figure>\n\n\n\n<figure class=\"wp-block-image size-large\"><img loading=\"lazy\" decoding=\"async\" width=\"768\" height=\"1024\" data-id=\"126\" src=\"https:\/\/birewegge.com\/wp-content\/uploads\/2020\/08\/26_img0375s-768x1024.jpg\" alt=\"\" class=\"wp-image-126\" srcset=\"https:\/\/birewegge.com\/wp-content\/uploads\/2020\/08\/26_img0375s-768x1024.jpg 768w, https:\/\/birewegge.com\/wp-content\/uploads\/2020\/08\/26_img0375s-225x300.jpg 225w, https:\/\/birewegge.com\/wp-content\/uploads\/2020\/08\/26_img0375s-1152x1536.jpg 1152w, https:\/\/birewegge.com\/wp-content\/uploads\/2020\/08\/26_img0375s.jpg 1512w\" sizes=\"auto, (max-width: 768px) 100vw, 768px\" \/><\/figure>\n\n\n\n<figure class=\"wp-block-image size-large\"><img loading=\"lazy\" decoding=\"async\" width=\"768\" height=\"1024\" data-id=\"127\" src=\"https:\/\/birewegge.com\/wp-content\/uploads\/2020\/08\/26_img0378s-768x1024.jpg\" alt=\"\" class=\"wp-image-127\" srcset=\"https:\/\/birewegge.com\/wp-content\/uploads\/2020\/08\/26_img0378s-768x1024.jpg 768w, https:\/\/birewegge.com\/wp-content\/uploads\/2020\/08\/26_img0378s-225x300.jpg 225w, https:\/\/birewegge.com\/wp-content\/uploads\/2020\/08\/26_img0378s-1152x1536.jpg 1152w, https:\/\/birewegge.com\/wp-content\/uploads\/2020\/08\/26_img0378s.jpg 1512w\" sizes=\"auto, (max-width: 768px) 100vw, 768px\" \/><\/figure>\n\n\n\n<figure class=\"wp-block-image size-large\"><img loading=\"lazy\" decoding=\"async\" width=\"1024\" height=\"768\" data-id=\"128\" src=\"https:\/\/birewegge.com\/wp-content\/uploads\/2020\/08\/26_img0390-1024x768.jpg\" alt=\"\" class=\"wp-image-128\" srcset=\"https:\/\/birewegge.com\/wp-content\/uploads\/2020\/08\/26_img0390-1024x768.jpg 1024w, https:\/\/birewegge.com\/wp-content\/uploads\/2020\/08\/26_img0390-300x225.jpg 300w, https:\/\/birewegge.com\/wp-content\/uploads\/2020\/08\/26_img0390-768x576.jpg 768w, https:\/\/birewegge.com\/wp-content\/uploads\/2020\/08\/26_img0390-1536x1152.jpg 1536w, https:\/\/birewegge.com\/wp-content\/uploads\/2020\/08\/26_img0390-1600x1200.jpg 1600w, https:\/\/birewegge.com\/wp-content\/uploads\/2020\/08\/26_img0390.jpg 2016w\" sizes=\"auto, (max-width: 1024px) 100vw, 1024px\" \/><\/figure>\n\n\n\n<figure class=\"wp-block-image size-large\"><img loading=\"lazy\" decoding=\"async\" width=\"1024\" height=\"682\" data-id=\"129\" src=\"https:\/\/birewegge.com\/wp-content\/uploads\/2020\/08\/26_img2820-1024x682.jpg\" alt=\"\" class=\"wp-image-129\" srcset=\"https:\/\/birewegge.com\/wp-content\/uploads\/2020\/08\/26_img2820-1024x682.jpg 1024w, https:\/\/birewegge.com\/wp-content\/uploads\/2020\/08\/26_img2820-300x200.jpg 300w, https:\/\/birewegge.com\/wp-content\/uploads\/2020\/08\/26_img2820-768x511.jpg 768w, https:\/\/birewegge.com\/wp-content\/uploads\/2020\/08\/26_img2820-1536x1023.jpg 1536w, https:\/\/birewegge.com\/wp-content\/uploads\/2020\/08\/26_img2820-2048x1364.jpg 2048w, https:\/\/birewegge.com\/wp-content\/uploads\/2020\/08\/26_img2820-1600x1066.jpg 1600w\" sizes=\"auto, (max-width: 1024px) 100vw, 1024px\" \/><\/figure>\n\n\n\n<figure class=\"wp-block-image size-large\"><img loading=\"lazy\" decoding=\"async\" width=\"768\" height=\"1024\" data-id=\"130\" src=\"https:\/\/birewegge.com\/wp-content\/uploads\/2020\/08\/26_img3333-768x1024.jpg\" alt=\"\" class=\"wp-image-130\" srcset=\"https:\/\/birewegge.com\/wp-content\/uploads\/2020\/08\/26_img3333-768x1024.jpg 768w, https:\/\/birewegge.com\/wp-content\/uploads\/2020\/08\/26_img3333-225x300.jpg 225w, https:\/\/birewegge.com\/wp-content\/uploads\/2020\/08\/26_img3333-1152x1536.jpg 1152w, https:\/\/birewegge.com\/wp-content\/uploads\/2020\/08\/26_img3333-1536x2048.jpg 1536w, https:\/\/birewegge.com\/wp-content\/uploads\/2020\/08\/26_img3333-1600x2133.jpg 1600w, https:\/\/birewegge.com\/wp-content\/uploads\/2020\/08\/26_img3333-scaled.jpg 1920w\" sizes=\"auto, (max-width: 768px) 100vw, 768px\" \/><\/figure>\n<\/figure>\n\n\n\n<p><strong>Der Undergang vom Ins\u00e4ggteryych<\/strong><\/p>\n\n\n\n<p>Sit fascht vierhundert Joormillione,<br>Vyyl lenger, als es Mensche git,<br>Dien mir die ganzi W\u00e4lt bewoone,<br>Numme s Meer, das basst is nit.<br>S\u00e4ggs flinggi Bai, e harti Schale,<br>F\u00e4derlychti Konstruktion,<br>Das alles macht is zem geniale<br>Wurf vo der Evolution.<\/p>\n\n\n\n<p>Uf unserm Kopf het s zwai Antenne,<br>Zwai Auge, scheen wie Edelstai.<br>Und dass mir is bewege kenne,<br>Git s nyyn Gl\u00e4ngg an jedem Bai.<br>Esoo wie mir ka kaine fliege.<br>Mir kenne alles, wie me gseet,<br>Mir Glaine sin, ganz ooni z liege,<br>Die Allergreeschte vom Planet.<\/p>\n\n\n\n<p>Genosse, fraiet eych nit z lut<br>Und fyyret nimme z lang:<br>S Ins\u00e4ggteryych isch ganz akut<br>Bedroot vom Undergang!<\/p>\n\n\n\n<p>Verwachet Grille in der \u00c4rde<br>Lib\u00e4lle, Fliege looset zue:<br>Es darf kai Zyt verduublet w\u00e4rde,<br>Mir h\u00e4n alli H\u00e4nd voll z due.<br>Denn vyyl vo uns Ins\u00e4ggtenarte,<br>Fimf Millione oder mee,<br>Die mien, wenn mir no l\u00e4nger warte,<br>Koolrabeschwarz fir d Zuekunft gsee.<\/p>\n\n\n\n<p>Basset uff, was mir singe,<br>Das isch unser Signal!<br>Der Bricht, wo mir eich bringe,<br>Isch laider e Skandal.<\/p>\n\n\n\n<p>Es rettet is kai ander W\u00e4\u00e4se<br>Kai Vogel und erscht r\u00e4cht kai Spinn.<br>An jedem Egge ka me l\u00e4\u00e4se,<br>Dass mir armi Sieche sin.<br>Uns glaine Grobbler goot s an Graage,<br>D Menschhait macht is s L\u00e4be schw\u00e4r.<br>D\u00e4 Aff ka s aifach nit verdraage,<br>Wenn aine anderscht isch als \u00e4r.<\/p>\n\n\n\n<p>Der Mensch maag Wal und Elefante,<br>Si Hund und d Katze het er g\u00e4rn,<br>Doch mir, die eender unbekannte<br>Dierli, liigen em halt f\u00e4rn.<br>Kai Gsetz duet uns Ins\u00e4ggte schitze<br>Vor em Mensch sim Oornigswaan.<br>Voll Stolz darf \u00e4r im G\u00e4rtli spritze,<br>Ganz legal und gnau no Plan.<\/p>\n\n\n\n<p>Basset uff, was mir singe,<br>Das isch unser Signal!<br>Der Bricht, wo mir eich bringe,<br>Isch laider e Skandal.&nbsp;<\/p>\n\n\n\n<p>Wenn s bebberlet us em Ged\u00e4\u00e4fer,<br>Bricht Panik uus bis unders Dach<br>Und w\u00e4gen eme glaine K\u00e4fer<br>Leggt me z Pole Urwald flach.<br>Fir alles, wo der Mensch kennt steere,<br>Schiebt er d Schuld is gschwind in d Schue.<br>Do isch er stur und wott nyt leere,<br>Macht vor der Wooret d Auge zue.<\/p>\n\n\n\n<p>Fir Gift und fir Ins\u00e4ggtefalle<br>Do bruucht der Mensche si Fantasyy.<br>S floriert und produziert in alle<br>Fimf Kontin\u00e4nt d Agrochemie.<br>Mit Yyfallsryychtum ooni Gr\u00e4nze<br>Ziet d Menschhait gegen uns ins F\u00e4ld.<br>Me froggt nit no de Konsequ\u00e4nze,<br>Es goot, wie allewyyl, ums G\u00e4ld.<\/p>\n\n\n\n<p>W\u00e4r gseet bi uns no Waldamaise?<br>Was het me mit de Falter gmacht?<br>Fir d Br\u00e4me muesch zem Gotthard raise<br>Lyychtk\u00e4fer lyychte nimme z Nacht.<br>Vom Holzbogg bis zem Ooregribler<br>Vom W\u00e4schpi bis zem Gletscherfloo<br>Goots uns Ins\u00e4ggte als wie ibler<br>Iir alli wisset jetz, wieso.<\/p>\n\n\n\n<p>Basset uff, was mir singe,<br>Das isch unser Signal!<br>Der Bricht, wo mir eich bringe,<br>Isch laider e Skandal.<\/p>\n\n\n\n<p>Uf aimool schyynt sich s Blettli z w\u00e4nde,<br>Mir w\u00e4rde in der Schwyz beliebt.<br>Dass mir derbyy im D\u00e4ller \u00e4nde,<br>Het is allerdings betriebt.<br>Haigumper darf me jetz grilliere,<br>M\u00e4\u00e4lwirm ka me ganz legal<br>Frittiert als Apero serviere,<br>D Grille im Bierdaig stoot zer Waal.<\/p>\n\n\n\n<p>Jetz l\u00e4ngt s! Mer w\u00e4nn nimm lamentierere,<br>Mit Argum\u00e4nt politisiere,<br>Die bleede Mensche kritisiere,<br>Und uns derbyy glorifiziere!<br>S isch heggschti Zyt zem reagiere.&nbsp;<br>Mir geen uf d Strooss, go demonstriere<br>Und sit em M\u00e4ntig ab de Viere<br>Heert men is au no musiziere\u2026<\/p>\n\n\n\n<p><em><br>Driffsch ime G\u00e4ssli, emen alte<br>Per Zuefall uf so dunggli Gstalte<br>Mit Gsichter, bees wie Gschp\u00e4ngschterschregge,<br>Segglen ab \u2013 s sin d Birewegge.<\/em><\/p>\n","protected":false},"excerpt":{"rendered":"<p>Der Undergang vom Ins\u00e4ggteryych Sit fascht vierhundert Joormillione,Vyyl lenger, als es Mensche git,Dien mir die ganzi W\u00e4lt bewoone,Numme s Meer,&hellip;<\/p>\n","protected":false},"author":1,"featured_media":0,"parent":0,"menu_order":0,"comment_status":"closed","ping_status":"closed","template":"","meta":{"footnotes":""},"class_list":["post-117","page","type-page","status-publish","hentry"],"jetpack_sharing_enabled":true,"_links":{"self":[{"href":"https:\/\/birewegge.com\/index.php?rest_route=\/wp\/v2\/pages\/117","targetHints":{"allow":["GET"]}}],"collection":[{"href":"https:\/\/birewegge.com\/index.php?rest_route=\/wp\/v2\/pages"}],"about":[{"href":"https:\/\/birewegge.com\/index.php?rest_route=\/wp\/v2\/types\/page"}],"author":[{"embeddable":true,"href":"https:\/\/birewegge.com\/index.php?rest_route=\/wp\/v2\/users\/1"}],"replies":[{"embeddable":true,"href":"https:\/\/birewegge.com\/index.php?rest_route=%2Fwp%2Fv2%2Fcomments&post=117"}],"version-history":[{"count":2,"href":"https:\/\/birewegge.com\/index.php?rest_route=\/wp\/v2\/pages\/117\/revisions"}],"predecessor-version":[{"id":513,"href":"https:\/\/birewegge.com\/index.php?rest_route=\/wp\/v2\/pages\/117\/revisions\/513"}],"wp:attachment":[{"href":"https:\/\/birewegge.com\/index.php?rest_route=%2Fwp%2Fv2%2Fmedia&parent=117"}],"curies":[{"name":"wp","href":"https:\/\/api.w.org\/{rel}","templated":true}]}}