{"id":132,"date":"2020-08-18T16:21:14","date_gmt":"2020-08-18T16:21:14","guid":{"rendered":"http:\/\/birewegge.com\/?page_id=132"},"modified":"2022-01-31T12:47:49","modified_gmt":"2022-01-31T12:47:49","slug":"2017-2","status":"publish","type":"page","link":"https:\/\/birewegge.com\/?page_id=132","title":{"rendered":"2017"},"content":{"rendered":"\n<figure class=\"wp-block-gallery has-nested-images columns-default is-cropped wp-block-gallery-1 is-layout-flex wp-block-gallery-is-layout-flex\">\n<figure class=\"wp-block-image size-large\"><img loading=\"lazy\" decoding=\"async\" width=\"600\" height=\"344\" data-id=\"133\" src=\"https:\/\/birewegge.com\/wp-content\/uploads\/2020\/08\/25_bz.jpg\" alt=\"\" class=\"wp-image-133\" srcset=\"https:\/\/birewegge.com\/wp-content\/uploads\/2020\/08\/25_bz.jpg 600w, https:\/\/birewegge.com\/wp-content\/uploads\/2020\/08\/25_bz-300x172.jpg 300w\" sizes=\"auto, (max-width: 600px) 100vw, 600px\" \/><\/figure>\n\n\n\n<figure class=\"wp-block-image size-large\"><img loading=\"lazy\" decoding=\"async\" width=\"683\" height=\"1024\" data-id=\"134\" src=\"https:\/\/birewegge.com\/wp-content\/uploads\/2020\/08\/25_dsc00553-683x1024.jpg\" alt=\"\" class=\"wp-image-134\" srcset=\"https:\/\/birewegge.com\/wp-content\/uploads\/2020\/08\/25_dsc00553-683x1024.jpg 683w, https:\/\/birewegge.com\/wp-content\/uploads\/2020\/08\/25_dsc00553-200x300.jpg 200w, https:\/\/birewegge.com\/wp-content\/uploads\/2020\/08\/25_dsc00553-768x1152.jpg 768w, https:\/\/birewegge.com\/wp-content\/uploads\/2020\/08\/25_dsc00553-1024x1536.jpg 1024w, https:\/\/birewegge.com\/wp-content\/uploads\/2020\/08\/25_dsc00553-1365x2048.jpg 1365w, https:\/\/birewegge.com\/wp-content\/uploads\/2020\/08\/25_dsc00553-1600x2400.jpg 1600w, https:\/\/birewegge.com\/wp-content\/uploads\/2020\/08\/25_dsc00553-scaled.jpg 1707w\" sizes=\"auto, (max-width: 683px) 100vw, 683px\" \/><\/figure>\n\n\n\n<figure class=\"wp-block-image size-large\"><img loading=\"lazy\" decoding=\"async\" width=\"683\" height=\"1024\" data-id=\"135\" src=\"https:\/\/birewegge.com\/wp-content\/uploads\/2020\/08\/25_dsc00561-683x1024.jpg\" alt=\"\" class=\"wp-image-135\" srcset=\"https:\/\/birewegge.com\/wp-content\/uploads\/2020\/08\/25_dsc00561-683x1024.jpg 683w, https:\/\/birewegge.com\/wp-content\/uploads\/2020\/08\/25_dsc00561-200x300.jpg 200w, https:\/\/birewegge.com\/wp-content\/uploads\/2020\/08\/25_dsc00561-768x1152.jpg 768w, https:\/\/birewegge.com\/wp-content\/uploads\/2020\/08\/25_dsc00561-1024x1536.jpg 1024w, https:\/\/birewegge.com\/wp-content\/uploads\/2020\/08\/25_dsc00561-1365x2048.jpg 1365w, https:\/\/birewegge.com\/wp-content\/uploads\/2020\/08\/25_dsc00561-1600x2400.jpg 1600w, https:\/\/birewegge.com\/wp-content\/uploads\/2020\/08\/25_dsc00561-scaled.jpg 1707w\" sizes=\"auto, (max-width: 683px) 100vw, 683px\" \/><\/figure>\n\n\n\n<figure class=\"wp-block-image size-large\"><img loading=\"lazy\" decoding=\"async\" width=\"1024\" height=\"683\" data-id=\"136\" src=\"https:\/\/birewegge.com\/wp-content\/uploads\/2020\/08\/25_dsc00563-1024x683.jpg\" alt=\"\" class=\"wp-image-136\" srcset=\"https:\/\/birewegge.com\/wp-content\/uploads\/2020\/08\/25_dsc00563-1024x683.jpg 1024w, https:\/\/birewegge.com\/wp-content\/uploads\/2020\/08\/25_dsc00563-300x200.jpg 300w, https:\/\/birewegge.com\/wp-content\/uploads\/2020\/08\/25_dsc00563-768x512.jpg 768w, https:\/\/birewegge.com\/wp-content\/uploads\/2020\/08\/25_dsc00563-1536x1024.jpg 1536w, https:\/\/birewegge.com\/wp-content\/uploads\/2020\/08\/25_dsc00563-2048x1365.jpg 2048w, https:\/\/birewegge.com\/wp-content\/uploads\/2020\/08\/25_dsc00563-1600x1067.jpg 1600w\" sizes=\"auto, (max-width: 1024px) 100vw, 1024px\" \/><\/figure>\n\n\n\n<figure class=\"wp-block-image size-large\"><img loading=\"lazy\" decoding=\"async\" width=\"1024\" height=\"683\" data-id=\"137\" src=\"https:\/\/birewegge.com\/wp-content\/uploads\/2020\/08\/25_dsc00570-1024x683.jpg\" alt=\"\" class=\"wp-image-137\" srcset=\"https:\/\/birewegge.com\/wp-content\/uploads\/2020\/08\/25_dsc00570-1024x683.jpg 1024w, https:\/\/birewegge.com\/wp-content\/uploads\/2020\/08\/25_dsc00570-300x200.jpg 300w, https:\/\/birewegge.com\/wp-content\/uploads\/2020\/08\/25_dsc00570-768x512.jpg 768w, https:\/\/birewegge.com\/wp-content\/uploads\/2020\/08\/25_dsc00570-1536x1024.jpg 1536w, https:\/\/birewegge.com\/wp-content\/uploads\/2020\/08\/25_dsc00570-2048x1365.jpg 2048w, https:\/\/birewegge.com\/wp-content\/uploads\/2020\/08\/25_dsc00570-1600x1067.jpg 1600w\" sizes=\"auto, (max-width: 1024px) 100vw, 1024px\" \/><\/figure>\n\n\n\n<figure class=\"wp-block-image size-large\"><img loading=\"lazy\" decoding=\"async\" width=\"1024\" height=\"683\" data-id=\"138\" src=\"https:\/\/birewegge.com\/wp-content\/uploads\/2020\/08\/25_dsc00571-1024x683.jpg\" alt=\"\" class=\"wp-image-138\" srcset=\"https:\/\/birewegge.com\/wp-content\/uploads\/2020\/08\/25_dsc00571-1024x683.jpg 1024w, https:\/\/birewegge.com\/wp-content\/uploads\/2020\/08\/25_dsc00571-300x200.jpg 300w, https:\/\/birewegge.com\/wp-content\/uploads\/2020\/08\/25_dsc00571-768x512.jpg 768w, https:\/\/birewegge.com\/wp-content\/uploads\/2020\/08\/25_dsc00571-1536x1024.jpg 1536w, https:\/\/birewegge.com\/wp-content\/uploads\/2020\/08\/25_dsc00571-2048x1365.jpg 2048w, https:\/\/birewegge.com\/wp-content\/uploads\/2020\/08\/25_dsc00571-1600x1067.jpg 1600w\" sizes=\"auto, (max-width: 1024px) 100vw, 1024px\" \/><\/figure>\n\n\n\n<figure class=\"wp-block-image size-large\"><img loading=\"lazy\" decoding=\"async\" width=\"1024\" height=\"683\" data-id=\"139\" src=\"https:\/\/birewegge.com\/wp-content\/uploads\/2020\/08\/25_dsc00580-1024x683.jpg\" alt=\"\" class=\"wp-image-139\" srcset=\"https:\/\/birewegge.com\/wp-content\/uploads\/2020\/08\/25_dsc00580-1024x683.jpg 1024w, https:\/\/birewegge.com\/wp-content\/uploads\/2020\/08\/25_dsc00580-300x200.jpg 300w, https:\/\/birewegge.com\/wp-content\/uploads\/2020\/08\/25_dsc00580-768x512.jpg 768w, https:\/\/birewegge.com\/wp-content\/uploads\/2020\/08\/25_dsc00580-1536x1024.jpg 1536w, https:\/\/birewegge.com\/wp-content\/uploads\/2020\/08\/25_dsc00580-2048x1365.jpg 2048w, https:\/\/birewegge.com\/wp-content\/uploads\/2020\/08\/25_dsc00580-1600x1067.jpg 1600w\" sizes=\"auto, (max-width: 1024px) 100vw, 1024px\" \/><\/figure>\n\n\n\n<figure class=\"wp-block-image size-large\"><img loading=\"lazy\" decoding=\"async\" width=\"600\" height=\"400\" data-id=\"140\" src=\"https:\/\/birewegge.com\/wp-content\/uploads\/2020\/08\/25_dsc00588.jpg\" alt=\"\" class=\"wp-image-140\" srcset=\"https:\/\/birewegge.com\/wp-content\/uploads\/2020\/08\/25_dsc00588.jpg 600w, https:\/\/birewegge.com\/wp-content\/uploads\/2020\/08\/25_dsc00588-300x200.jpg 300w\" sizes=\"auto, (max-width: 600px) 100vw, 600px\" \/><\/figure>\n\n\n\n<figure class=\"wp-block-image size-large\"><img loading=\"lazy\" decoding=\"async\" width=\"600\" height=\"400\" data-id=\"141\" src=\"https:\/\/birewegge.com\/wp-content\/uploads\/2020\/08\/25_dsc00589_v2.jpg\" alt=\"\" class=\"wp-image-141\" srcset=\"https:\/\/birewegge.com\/wp-content\/uploads\/2020\/08\/25_dsc00589_v2.jpg 600w, https:\/\/birewegge.com\/wp-content\/uploads\/2020\/08\/25_dsc00589_v2-300x200.jpg 300w\" sizes=\"auto, (max-width: 600px) 100vw, 600px\" \/><\/figure>\n\n\n\n<figure class=\"wp-block-image size-large\"><img loading=\"lazy\" decoding=\"async\" width=\"1024\" height=\"683\" data-id=\"142\" src=\"https:\/\/birewegge.com\/wp-content\/uploads\/2020\/08\/25_dsc00592-1024x683.jpg\" alt=\"\" class=\"wp-image-142\" srcset=\"https:\/\/birewegge.com\/wp-content\/uploads\/2020\/08\/25_dsc00592-1024x683.jpg 1024w, https:\/\/birewegge.com\/wp-content\/uploads\/2020\/08\/25_dsc00592-300x200.jpg 300w, https:\/\/birewegge.com\/wp-content\/uploads\/2020\/08\/25_dsc00592-768x512.jpg 768w, https:\/\/birewegge.com\/wp-content\/uploads\/2020\/08\/25_dsc00592-1536x1024.jpg 1536w, https:\/\/birewegge.com\/wp-content\/uploads\/2020\/08\/25_dsc00592-2048x1365.jpg 2048w, https:\/\/birewegge.com\/wp-content\/uploads\/2020\/08\/25_dsc00592-1600x1067.jpg 1600w\" sizes=\"auto, (max-width: 1024px) 100vw, 1024px\" \/><\/figure>\n\n\n\n<figure class=\"wp-block-image size-large\"><img loading=\"lazy\" decoding=\"async\" width=\"1024\" height=\"683\" data-id=\"144\" src=\"https:\/\/birewegge.com\/wp-content\/uploads\/2020\/08\/25_dsc00598-1024x683.jpg\" alt=\"\" class=\"wp-image-144\" srcset=\"https:\/\/birewegge.com\/wp-content\/uploads\/2020\/08\/25_dsc00598-1024x683.jpg 1024w, https:\/\/birewegge.com\/wp-content\/uploads\/2020\/08\/25_dsc00598-300x200.jpg 300w, https:\/\/birewegge.com\/wp-content\/uploads\/2020\/08\/25_dsc00598-768x512.jpg 768w, https:\/\/birewegge.com\/wp-content\/uploads\/2020\/08\/25_dsc00598-1536x1024.jpg 1536w, https:\/\/birewegge.com\/wp-content\/uploads\/2020\/08\/25_dsc00598-2048x1365.jpg 2048w, https:\/\/birewegge.com\/wp-content\/uploads\/2020\/08\/25_dsc00598-1600x1067.jpg 1600w\" sizes=\"auto, (max-width: 1024px) 100vw, 1024px\" \/><\/figure>\n\n\n\n<figure class=\"wp-block-image size-large\"><img loading=\"lazy\" decoding=\"async\" width=\"1024\" height=\"683\" data-id=\"145\" src=\"https:\/\/birewegge.com\/wp-content\/uploads\/2020\/08\/25_dsc00601-1024x683.jpg\" alt=\"\" class=\"wp-image-145\" srcset=\"https:\/\/birewegge.com\/wp-content\/uploads\/2020\/08\/25_dsc00601-1024x683.jpg 1024w, https:\/\/birewegge.com\/wp-content\/uploads\/2020\/08\/25_dsc00601-300x200.jpg 300w, https:\/\/birewegge.com\/wp-content\/uploads\/2020\/08\/25_dsc00601-768x512.jpg 768w, https:\/\/birewegge.com\/wp-content\/uploads\/2020\/08\/25_dsc00601-1536x1024.jpg 1536w, https:\/\/birewegge.com\/wp-content\/uploads\/2020\/08\/25_dsc00601-2048x1365.jpg 2048w, https:\/\/birewegge.com\/wp-content\/uploads\/2020\/08\/25_dsc00601-1600x1067.jpg 1600w\" sizes=\"auto, (max-width: 1024px) 100vw, 1024px\" \/><\/figure>\n\n\n\n<figure class=\"wp-block-image size-large\"><img loading=\"lazy\" decoding=\"async\" width=\"1024\" height=\"683\" data-id=\"146\" src=\"https:\/\/birewegge.com\/wp-content\/uploads\/2020\/08\/25_dsc00605-1024x683.jpg\" alt=\"\" class=\"wp-image-146\" srcset=\"https:\/\/birewegge.com\/wp-content\/uploads\/2020\/08\/25_dsc00605-1024x683.jpg 1024w, https:\/\/birewegge.com\/wp-content\/uploads\/2020\/08\/25_dsc00605-300x200.jpg 300w, https:\/\/birewegge.com\/wp-content\/uploads\/2020\/08\/25_dsc00605-768x512.jpg 768w, https:\/\/birewegge.com\/wp-content\/uploads\/2020\/08\/25_dsc00605-1536x1024.jpg 1536w, https:\/\/birewegge.com\/wp-content\/uploads\/2020\/08\/25_dsc00605-2048x1365.jpg 2048w, https:\/\/birewegge.com\/wp-content\/uploads\/2020\/08\/25_dsc00605-1600x1067.jpg 1600w\" sizes=\"auto, (max-width: 1024px) 100vw, 1024px\" \/><\/figure>\n\n\n\n<figure class=\"wp-block-image size-large\"><img loading=\"lazy\" decoding=\"async\" width=\"600\" height=\"395\" data-id=\"147\" src=\"https:\/\/birewegge.com\/wp-content\/uploads\/2020\/08\/25_dsc00613_v3.jpg\" alt=\"\" class=\"wp-image-147\" srcset=\"https:\/\/birewegge.com\/wp-content\/uploads\/2020\/08\/25_dsc00613_v3.jpg 600w, https:\/\/birewegge.com\/wp-content\/uploads\/2020\/08\/25_dsc00613_v3-300x198.jpg 300w\" sizes=\"auto, (max-width: 600px) 100vw, 600px\" \/><\/figure>\n\n\n\n<figure class=\"wp-block-image size-large\"><img loading=\"lazy\" decoding=\"async\" width=\"450\" height=\"600\" data-id=\"148\" src=\"https:\/\/birewegge.com\/wp-content\/uploads\/2020\/08\/25_dscf7982.jpg\" alt=\"\" class=\"wp-image-148\" srcset=\"https:\/\/birewegge.com\/wp-content\/uploads\/2020\/08\/25_dscf7982.jpg 450w, https:\/\/birewegge.com\/wp-content\/uploads\/2020\/08\/25_dscf7982-225x300.jpg 225w\" sizes=\"auto, (max-width: 450px) 100vw, 450px\" \/><\/figure>\n\n\n\n<figure class=\"wp-block-image size-large\"><img loading=\"lazy\" decoding=\"async\" width=\"1024\" height=\"768\" data-id=\"149\" src=\"https:\/\/birewegge.com\/wp-content\/uploads\/2020\/08\/25_dscf8041-1024x768.jpg\" alt=\"\" class=\"wp-image-149\" srcset=\"https:\/\/birewegge.com\/wp-content\/uploads\/2020\/08\/25_dscf8041-1024x768.jpg 1024w, https:\/\/birewegge.com\/wp-content\/uploads\/2020\/08\/25_dscf8041-300x225.jpg 300w, https:\/\/birewegge.com\/wp-content\/uploads\/2020\/08\/25_dscf8041-768x576.jpg 768w, https:\/\/birewegge.com\/wp-content\/uploads\/2020\/08\/25_dscf8041-1536x1152.jpg 1536w, https:\/\/birewegge.com\/wp-content\/uploads\/2020\/08\/25_dscf8041-2048x1536.jpg 2048w, https:\/\/birewegge.com\/wp-content\/uploads\/2020\/08\/25_dscf8041-1600x1200.jpg 1600w\" sizes=\"auto, (max-width: 1024px) 100vw, 1024px\" \/><\/figure>\n\n\n\n<figure class=\"wp-block-image size-large\"><img loading=\"lazy\" decoding=\"async\" width=\"1024\" height=\"768\" data-id=\"150\" src=\"https:\/\/birewegge.com\/wp-content\/uploads\/2020\/08\/25_img2791-1024x768.jpg\" alt=\"\" class=\"wp-image-150\" srcset=\"https:\/\/birewegge.com\/wp-content\/uploads\/2020\/08\/25_img2791-1024x768.jpg 1024w, https:\/\/birewegge.com\/wp-content\/uploads\/2020\/08\/25_img2791-300x225.jpg 300w, https:\/\/birewegge.com\/wp-content\/uploads\/2020\/08\/25_img2791-768x576.jpg 768w, https:\/\/birewegge.com\/wp-content\/uploads\/2020\/08\/25_img2791-1536x1152.jpg 1536w, https:\/\/birewegge.com\/wp-content\/uploads\/2020\/08\/25_img2791-1600x1200.jpg 1600w, https:\/\/birewegge.com\/wp-content\/uploads\/2020\/08\/25_img2791.jpg 1632w\" sizes=\"auto, (max-width: 1024px) 100vw, 1024px\" \/><\/figure>\n\n\n\n<figure class=\"wp-block-image size-large\"><img loading=\"lazy\" decoding=\"async\" width=\"450\" height=\"600\" data-id=\"151\" src=\"https:\/\/birewegge.com\/wp-content\/uploads\/2020\/08\/25_img7826.jpg\" alt=\"\" class=\"wp-image-151\" srcset=\"https:\/\/birewegge.com\/wp-content\/uploads\/2020\/08\/25_img7826.jpg 450w, https:\/\/birewegge.com\/wp-content\/uploads\/2020\/08\/25_img7826-225x300.jpg 225w\" sizes=\"auto, (max-width: 450px) 100vw, 450px\" \/><\/figure>\n\n\n\n<figure class=\"wp-block-image size-large\"><img loading=\"lazy\" decoding=\"async\" width=\"450\" height=\"600\" data-id=\"152\" src=\"https:\/\/birewegge.com\/wp-content\/uploads\/2020\/08\/25_img7827.jpg\" alt=\"\" class=\"wp-image-152\" srcset=\"https:\/\/birewegge.com\/wp-content\/uploads\/2020\/08\/25_img7827.jpg 450w, https:\/\/birewegge.com\/wp-content\/uploads\/2020\/08\/25_img7827-225x300.jpg 225w\" sizes=\"auto, (max-width: 450px) 100vw, 450px\" \/><\/figure>\n\n\n\n<figure class=\"wp-block-image size-large\"><img loading=\"lazy\" decoding=\"async\" width=\"450\" height=\"600\" data-id=\"153\" src=\"https:\/\/birewegge.com\/wp-content\/uploads\/2020\/08\/25_img7830.jpg\" alt=\"\" class=\"wp-image-153\" srcset=\"https:\/\/birewegge.com\/wp-content\/uploads\/2020\/08\/25_img7830.jpg 450w, https:\/\/birewegge.com\/wp-content\/uploads\/2020\/08\/25_img7830-225x300.jpg 225w\" sizes=\"auto, (max-width: 450px) 100vw, 450px\" \/><\/figure>\n\n\n\n<figure class=\"wp-block-image size-large\"><img loading=\"lazy\" decoding=\"async\" width=\"768\" height=\"1024\" data-id=\"154\" src=\"https:\/\/birewegge.com\/wp-content\/uploads\/2020\/08\/25_img7940-768x1024.jpg\" alt=\"\" class=\"wp-image-154\" srcset=\"https:\/\/birewegge.com\/wp-content\/uploads\/2020\/08\/25_img7940-768x1024.jpg 768w, https:\/\/birewegge.com\/wp-content\/uploads\/2020\/08\/25_img7940-225x300.jpg 225w, https:\/\/birewegge.com\/wp-content\/uploads\/2020\/08\/25_img7940-1152x1536.jpg 1152w, https:\/\/birewegge.com\/wp-content\/uploads\/2020\/08\/25_img7940-1536x2048.jpg 1536w, https:\/\/birewegge.com\/wp-content\/uploads\/2020\/08\/25_img7940-1600x2133.jpg 1600w, https:\/\/birewegge.com\/wp-content\/uploads\/2020\/08\/25_img7940-scaled.jpg 1920w\" sizes=\"auto, (max-width: 768px) 100vw, 768px\" \/><\/figure>\n\n\n\n<figure class=\"wp-block-image size-large\"><img loading=\"lazy\" decoding=\"async\" width=\"600\" height=\"416\" data-id=\"155\" src=\"https:\/\/birewegge.com\/wp-content\/uploads\/2020\/08\/25_img9100.jpg\" alt=\"\" class=\"wp-image-155\" srcset=\"https:\/\/birewegge.com\/wp-content\/uploads\/2020\/08\/25_img9100.jpg 600w, https:\/\/birewegge.com\/wp-content\/uploads\/2020\/08\/25_img9100-300x208.jpg 300w\" sizes=\"auto, (max-width: 600px) 100vw, 600px\" \/><\/figure>\n\n\n\n<figure class=\"wp-block-image size-large\"><img loading=\"lazy\" decoding=\"async\" width=\"600\" height=\"425\" data-id=\"156\" src=\"https:\/\/birewegge.com\/wp-content\/uploads\/2020\/08\/25_img9101.jpg\" alt=\"\" class=\"wp-image-156\" srcset=\"https:\/\/birewegge.com\/wp-content\/uploads\/2020\/08\/25_img9101.jpg 600w, https:\/\/birewegge.com\/wp-content\/uploads\/2020\/08\/25_img9101-300x213.jpg 300w\" sizes=\"auto, (max-width: 600px) 100vw, 600px\" \/><\/figure>\n<\/figure>\n\n\n\n<p><strong>pro specie rara Hiener, wie friener<\/strong><\/p>\n\n\n\n<p><strong>Prolog<\/strong><br>Wenn d Clique stolz ir Sujet presentiere,<br>Wenn d Pfyffere und d Pfyffer jubiliere<br>Und d Drummler, wo der Cort\u00e8ge absolviere,<br>Scho ganz verschwitzt ir Kalbf\u00e4ll maltr\u00e4tiere,<br>Denn bringt der Vordraab d Lyt zem Nooched\u00e4ngge Mit Fasnachtszeedel, won er darf versch\u00e4ngge. Luschtig und voll Ironie<br>Sott son e Fasnachtszeedel syy.<br>In V\u00e4\u00e4rsform, Baseldytsch und kritisch<br>Und hoffetlig e bitz politisch<br>Wott \u00e4\u00e4r is d Quintess\u00e4nz verzelle<br>Us alte Gschichte und aktuelle.<br>Alti Gschichte<br>An der R\u00e4bgass achtedryssig<br>Im G\u00e4rtli vo d\u00e4m alte Huus,<br>D Frau Pfarrer isch, wie immer, flyssig: Si j\u00e4ttet s hinderscht Ungrut uus.<br>Denn pflanzt si Riebli und Salat, Schwarzwurzle, F\u00e4nchel und Spinat Dommaate, Lauch und Kuchigryter<br>Au \u00c4\u00e4rbsli, Boone und so wyter.<br>Es git in d\u00e4re Hinterhoofoaase<br>Au siibe wyssi Hiener oder acht<br>Die schaare dert no Wiirmli uf em Raase Und schloofe uf der Stange jeedi Nacht. E Giggel bruucht s uf jede Fall,<br>Soll s Noowuchs g\u00e4\u00e4 im Hienerstall. Der Leghorn-Giggel (us Livorno) Schreyt jeede Morge frie \u201eBuongiorno&#8221;. Er demonschtriert drmit si Graft<br>Und weggt die ganzi Noochberschaft. Derfiir gseet me jetz d Hiener briete<br>Un glyy drufaabe Kinder hiete.<br>Doch ka e Gluggere nimm leege,<br>Het si kai Blatz mee in der Gruppe<br>Si landet &#8211; zwoor isch si dergeege &#8211;<br>Als Sunntigs\u00e4sse in der Suppe.<\/p>\n\n\n\n<p><strong>Aktuell<\/strong><br>Die alte Zyte sin verbyy,<br>Me kauft sich d Poulet gfrooren yy.<br>Si kemme hit us groosse Halle<br>Vom Mittelland bis no Sankt Galle.<br>Iir kurzes L\u00e4\u00e4be kennt nur s Fr\u00e4sse.<br>E Sunnebad? Kasch glatt verg\u00e4sse.<br>S sin alli vo der glyyche Rasse,<br>Denn si mien schliesslig z\u00e4mmebasse. Groosskonz\u00e4rn h\u00e4n ooni Gwisse<br>D W\u00e4lt um iire Ryychtum bschisse.<br>Je mee me waiss vo d\u00e4ne Sache Deschto mee vergoot aim s Lache.<\/p>\n\n\n\n<p><strong>Zuekumft<\/strong><br>D Prognose w\u00e4rde als wie schlimmer Aber es git au Hoffnigsschimmer.<br>Der Stadtmensch wird zem Hobbybuur Si Motto isch: \u201eZrugg zer Natur\u201c.<br>Vo alte Pfl\u00e4nzli, ganz spezielle,<br>Duet \u00e4\u00e4r sich online Seemli bschtelle: \u201ePro Specie Rara\u201c, raari Sorte,<br>Kai Hightech-Zyyg us der Retorte. Stud\u00e4nte vo der ETH<br>Pflanze s\u00e4lber G\u00e4rschte aa.<br>An lange St\u00e4gge zien si Hopfe<br>Und braue denn der aige Dropfe. Olivebaimli het d Sabine;<br>Wenn s kalt wird, nimmt sii si halt iine. Der Feerdi, wo kai G\u00e4\u00e4rtli het,<br>Saait Kiirbisk\u00e4\u00e4rnli zrings ums Bett. For\u00e4lle kemme uf der T\u00e4ller<br>Bim Guschti, frisch grad us em K\u00e4ller. Sogar der Willi W\u00e4ggerli<br>Pfl\u00e4gt uf sym Dach en \u00c4ggerli.<br>Fir s aigen Ai bschtellt s Dorli Diener Sich eedli Specie Rara Hiener: Spitzhyybli us em Appez\u00e4ll,<br>Die kenne fliege und zwoor schn\u00e4ll.<br>D Noochber finde s alli glatt,<br>Wenns Dierli het in iirer Stadt.<br>Wenn son e Huen, bim Aier leege, Duet gaggere, isch kain dergeege.<br>Der Giggel, wo si importiert,<br>Het aber glyy zue L\u00e4mpe gfiert.<br>D\u00e4 nimmt, als s\u00e4lbschtbewusste Maa Im Harem schn\u00e4ll sy Uffgoob aa,<br>Won \u00e4\u00e4r sy Hienerschar vertaidiget Und jede Konkurr\u00e4nt belaidiget.<br>Jetz isch s mit Toleranz verbyy:<br>D\u00e4 Giggel mit sim Gyggerigyy<br>Macht L\u00e4rme und das darf nit syy.<br>Me schaltet d Schmiir und d Aaw\u00e4lt yy. De kasch der s \u00c4nd vom Lied jo d\u00e4ngge: Der Steerefriid mues me versch\u00e4ngge. Und statt em Giggel, wo duet graaie Heert me der Noochber Raase maaie. D\u00e4\u00e4 kunnt mit sym Benzinmotor<br>Sich wie der Regazzoni vor.<br>\u00c4\u00e4r l\u00e4bt no der Devise: \u201eGrach<br>Isch s Grysch, wo n y nit s\u00e4lber mach.\u201c<\/p>\n\n\n\n<p><strong>Epilog<\/strong><br>Der Giggel graait im Hinterhoof<br>Und bschysst di um der Morgeschloof. Bring en nit grad um der Egge,<br>Loss en l\u00e4\u00e4be! D\u2019 Birewegge<br>Mit em Giggel solidarisch<br>Defiliere mir als Hiener,<br>So, wie s hitte laider raar isch:<br>Frey und faarbig, grad wie friener. Lad\u00e4\u00e4rne luege ka me vor em Minschter vom M\u00e4ntigzoobe bis am Mittwuchmorge.<\/p>\n","protected":false},"excerpt":{"rendered":"<p>pro specie rara Hiener, wie friener PrologWenn d Clique stolz ir Sujet presentiere,Wenn d Pfyffere und d Pfyffer jubiliereUnd d&hellip;<\/p>\n","protected":false},"author":1,"featured_media":0,"parent":0,"menu_order":0,"comment_status":"closed","ping_status":"closed","template":"","meta":{"footnotes":""},"class_list":["post-132","page","type-page","status-publish","hentry"],"jetpack_sharing_enabled":true,"_links":{"self":[{"href":"https:\/\/birewegge.com\/index.php?rest_route=\/wp\/v2\/pages\/132","targetHints":{"allow":["GET"]}}],"collection":[{"href":"https:\/\/birewegge.com\/index.php?rest_route=\/wp\/v2\/pages"}],"about":[{"href":"https:\/\/birewegge.com\/index.php?rest_route=\/wp\/v2\/types\/page"}],"author":[{"embeddable":true,"href":"https:\/\/birewegge.com\/index.php?rest_route=\/wp\/v2\/users\/1"}],"replies":[{"embeddable":true,"href":"https:\/\/birewegge.com\/index.php?rest_route=%2Fwp%2Fv2%2Fcomments&post=132"}],"version-history":[{"count":3,"href":"https:\/\/birewegge.com\/index.php?rest_route=\/wp\/v2\/pages\/132\/revisions"}],"predecessor-version":[{"id":514,"href":"https:\/\/birewegge.com\/index.php?rest_route=\/wp\/v2\/pages\/132\/revisions\/514"}],"wp:attachment":[{"href":"https:\/\/birewegge.com\/index.php?rest_route=%2Fwp%2Fv2%2Fmedia&parent=132"}],"curies":[{"name":"wp","href":"https:\/\/api.w.org\/{rel}","templated":true}]}}