{"id":158,"date":"2020-08-18T16:23:17","date_gmt":"2020-08-18T16:23:17","guid":{"rendered":"http:\/\/birewegge.com\/?page_id=158"},"modified":"2022-01-31T12:48:52","modified_gmt":"2022-01-31T12:48:52","slug":"2016-2","status":"publish","type":"page","link":"https:\/\/birewegge.com\/?page_id=158","title":{"rendered":"2016"},"content":{"rendered":"\n<figure class=\"wp-block-gallery has-nested-images columns-default is-cropped wp-block-gallery-1 is-layout-flex wp-block-gallery-is-layout-flex\">\n<figure class=\"wp-block-image size-large\"><img loading=\"lazy\" decoding=\"async\" width=\"600\" height=\"450\" data-id=\"159\" src=\"https:\/\/birewegge.com\/wp-content\/uploads\/2020\/08\/24_2016-02-15-1.jpg\" alt=\"\" class=\"wp-image-159\" srcset=\"https:\/\/birewegge.com\/wp-content\/uploads\/2020\/08\/24_2016-02-15-1.jpg 600w, https:\/\/birewegge.com\/wp-content\/uploads\/2020\/08\/24_2016-02-15-1-300x225.jpg 300w\" sizes=\"auto, (max-width: 600px) 100vw, 600px\" \/><\/figure>\n\n\n\n<figure class=\"wp-block-image size-large\"><img loading=\"lazy\" decoding=\"async\" width=\"450\" height=\"600\" data-id=\"160\" src=\"https:\/\/birewegge.com\/wp-content\/uploads\/2020\/08\/24_2016-02-15-3.jpg\" alt=\"\" class=\"wp-image-160\" srcset=\"https:\/\/birewegge.com\/wp-content\/uploads\/2020\/08\/24_2016-02-15-3.jpg 450w, https:\/\/birewegge.com\/wp-content\/uploads\/2020\/08\/24_2016-02-15-3-225x300.jpg 225w\" sizes=\"auto, (max-width: 450px) 100vw, 450px\" \/><\/figure>\n\n\n\n<figure class=\"wp-block-image size-large\"><img loading=\"lazy\" decoding=\"async\" width=\"600\" height=\"386\" data-id=\"161\" src=\"https:\/\/birewegge.com\/wp-content\/uploads\/2020\/08\/24_bildschirmfoto-2016-02-19-um-232116.png\" alt=\"\" class=\"wp-image-161\" srcset=\"https:\/\/birewegge.com\/wp-content\/uploads\/2020\/08\/24_bildschirmfoto-2016-02-19-um-232116.png 600w, https:\/\/birewegge.com\/wp-content\/uploads\/2020\/08\/24_bildschirmfoto-2016-02-19-um-232116-300x193.png 300w\" sizes=\"auto, (max-width: 600px) 100vw, 600px\" \/><\/figure>\n\n\n\n<figure class=\"wp-block-image size-large\"><img loading=\"lazy\" decoding=\"async\" width=\"401\" height=\"600\" data-id=\"162\" src=\"https:\/\/birewegge.com\/wp-content\/uploads\/2020\/08\/24_cimg7945.jpg\" alt=\"\" class=\"wp-image-162\" srcset=\"https:\/\/birewegge.com\/wp-content\/uploads\/2020\/08\/24_cimg7945.jpg 401w, https:\/\/birewegge.com\/wp-content\/uploads\/2020\/08\/24_cimg7945-201x300.jpg 201w\" sizes=\"auto, (max-width: 401px) 100vw, 401px\" \/><\/figure>\n\n\n\n<figure class=\"wp-block-image size-large\"><img loading=\"lazy\" decoding=\"async\" width=\"401\" height=\"600\" data-id=\"163\" src=\"https:\/\/birewegge.com\/wp-content\/uploads\/2020\/08\/24_cimg7948.jpg\" alt=\"\" class=\"wp-image-163\" srcset=\"https:\/\/birewegge.com\/wp-content\/uploads\/2020\/08\/24_cimg7948.jpg 401w, https:\/\/birewegge.com\/wp-content\/uploads\/2020\/08\/24_cimg7948-201x300.jpg 201w\" sizes=\"auto, (max-width: 401px) 100vw, 401px\" \/><\/figure>\n\n\n\n<figure class=\"wp-block-image size-large\"><img loading=\"lazy\" decoding=\"async\" width=\"768\" height=\"1024\" data-id=\"164\" src=\"https:\/\/birewegge.com\/wp-content\/uploads\/2020\/08\/24_dscf6088-768x1024.jpg\" alt=\"\" class=\"wp-image-164\" srcset=\"https:\/\/birewegge.com\/wp-content\/uploads\/2020\/08\/24_dscf6088-768x1024.jpg 768w, https:\/\/birewegge.com\/wp-content\/uploads\/2020\/08\/24_dscf6088-225x300.jpg 225w, https:\/\/birewegge.com\/wp-content\/uploads\/2020\/08\/24_dscf6088-1152x1536.jpg 1152w, https:\/\/birewegge.com\/wp-content\/uploads\/2020\/08\/24_dscf6088-1536x2048.jpg 1536w, https:\/\/birewegge.com\/wp-content\/uploads\/2020\/08\/24_dscf6088-1600x2133.jpg 1600w, https:\/\/birewegge.com\/wp-content\/uploads\/2020\/08\/24_dscf6088-scaled.jpg 1920w\" sizes=\"auto, (max-width: 768px) 100vw, 768px\" \/><\/figure>\n\n\n\n<figure class=\"wp-block-image size-large\"><img loading=\"lazy\" decoding=\"async\" width=\"768\" height=\"1024\" data-id=\"165\" src=\"https:\/\/birewegge.com\/wp-content\/uploads\/2020\/08\/24_dscf6091-768x1024.jpg\" alt=\"\" class=\"wp-image-165\" srcset=\"https:\/\/birewegge.com\/wp-content\/uploads\/2020\/08\/24_dscf6091-768x1024.jpg 768w, https:\/\/birewegge.com\/wp-content\/uploads\/2020\/08\/24_dscf6091-225x300.jpg 225w, https:\/\/birewegge.com\/wp-content\/uploads\/2020\/08\/24_dscf6091-1152x1536.jpg 1152w, https:\/\/birewegge.com\/wp-content\/uploads\/2020\/08\/24_dscf6091-1536x2048.jpg 1536w, https:\/\/birewegge.com\/wp-content\/uploads\/2020\/08\/24_dscf6091-1600x2133.jpg 1600w, https:\/\/birewegge.com\/wp-content\/uploads\/2020\/08\/24_dscf6091-scaled.jpg 1920w\" sizes=\"auto, (max-width: 768px) 100vw, 768px\" \/><\/figure>\n\n\n\n<figure class=\"wp-block-image size-large\"><img loading=\"lazy\" decoding=\"async\" width=\"1024\" height=\"768\" data-id=\"166\" src=\"https:\/\/birewegge.com\/wp-content\/uploads\/2020\/08\/24_dscf6093-1024x768.jpg\" alt=\"\" class=\"wp-image-166\" srcset=\"https:\/\/birewegge.com\/wp-content\/uploads\/2020\/08\/24_dscf6093-1024x768.jpg 1024w, https:\/\/birewegge.com\/wp-content\/uploads\/2020\/08\/24_dscf6093-300x225.jpg 300w, https:\/\/birewegge.com\/wp-content\/uploads\/2020\/08\/24_dscf6093-768x576.jpg 768w, https:\/\/birewegge.com\/wp-content\/uploads\/2020\/08\/24_dscf6093-1536x1152.jpg 1536w, https:\/\/birewegge.com\/wp-content\/uploads\/2020\/08\/24_dscf6093-2048x1536.jpg 2048w, https:\/\/birewegge.com\/wp-content\/uploads\/2020\/08\/24_dscf6093-1600x1200.jpg 1600w\" sizes=\"auto, (max-width: 1024px) 100vw, 1024px\" \/><\/figure>\n\n\n\n<figure class=\"wp-block-image size-large\"><img loading=\"lazy\" decoding=\"async\" width=\"1024\" height=\"768\" data-id=\"167\" src=\"https:\/\/birewegge.com\/wp-content\/uploads\/2020\/08\/24_dscf6098-1024x768.jpg\" alt=\"\" class=\"wp-image-167\" srcset=\"https:\/\/birewegge.com\/wp-content\/uploads\/2020\/08\/24_dscf6098-1024x768.jpg 1024w, https:\/\/birewegge.com\/wp-content\/uploads\/2020\/08\/24_dscf6098-300x225.jpg 300w, https:\/\/birewegge.com\/wp-content\/uploads\/2020\/08\/24_dscf6098-768x576.jpg 768w, https:\/\/birewegge.com\/wp-content\/uploads\/2020\/08\/24_dscf6098-1536x1152.jpg 1536w, https:\/\/birewegge.com\/wp-content\/uploads\/2020\/08\/24_dscf6098-2048x1536.jpg 2048w, https:\/\/birewegge.com\/wp-content\/uploads\/2020\/08\/24_dscf6098-1600x1200.jpg 1600w\" sizes=\"auto, (max-width: 1024px) 100vw, 1024px\" \/><\/figure>\n\n\n\n<figure class=\"wp-block-image size-large\"><img loading=\"lazy\" decoding=\"async\" width=\"1024\" height=\"768\" data-id=\"168\" src=\"https:\/\/birewegge.com\/wp-content\/uploads\/2020\/08\/24_dscf6113-1024x768.jpg\" alt=\"\" class=\"wp-image-168\" srcset=\"https:\/\/birewegge.com\/wp-content\/uploads\/2020\/08\/24_dscf6113-1024x768.jpg 1024w, https:\/\/birewegge.com\/wp-content\/uploads\/2020\/08\/24_dscf6113-300x225.jpg 300w, https:\/\/birewegge.com\/wp-content\/uploads\/2020\/08\/24_dscf6113-768x576.jpg 768w, https:\/\/birewegge.com\/wp-content\/uploads\/2020\/08\/24_dscf6113-1536x1152.jpg 1536w, https:\/\/birewegge.com\/wp-content\/uploads\/2020\/08\/24_dscf6113-2048x1536.jpg 2048w, https:\/\/birewegge.com\/wp-content\/uploads\/2020\/08\/24_dscf6113-1600x1200.jpg 1600w\" sizes=\"auto, (max-width: 1024px) 100vw, 1024px\" \/><\/figure>\n\n\n\n<figure class=\"wp-block-image size-large\"><img loading=\"lazy\" decoding=\"async\" width=\"600\" height=\"400\" data-id=\"169\" src=\"https:\/\/birewegge.com\/wp-content\/uploads\/2020\/08\/24_getimg.jpg\" alt=\"\" class=\"wp-image-169\" srcset=\"https:\/\/birewegge.com\/wp-content\/uploads\/2020\/08\/24_getimg.jpg 600w, https:\/\/birewegge.com\/wp-content\/uploads\/2020\/08\/24_getimg-300x200.jpg 300w\" sizes=\"auto, (max-width: 600px) 100vw, 600px\" \/><\/figure>\n\n\n\n<figure class=\"wp-block-image size-large\"><img loading=\"lazy\" decoding=\"async\" width=\"450\" height=\"600\" data-id=\"170\" src=\"https:\/\/birewegge.com\/wp-content\/uploads\/2020\/08\/24_img1628.jpg\" alt=\"\" class=\"wp-image-170\" srcset=\"https:\/\/birewegge.com\/wp-content\/uploads\/2020\/08\/24_img1628.jpg 450w, https:\/\/birewegge.com\/wp-content\/uploads\/2020\/08\/24_img1628-225x300.jpg 225w\" sizes=\"auto, (max-width: 450px) 100vw, 450px\" \/><\/figure>\n\n\n\n<figure class=\"wp-block-image size-large\"><img loading=\"lazy\" decoding=\"async\" width=\"450\" height=\"600\" data-id=\"171\" src=\"https:\/\/birewegge.com\/wp-content\/uploads\/2020\/08\/24_img1678.jpg\" alt=\"\" class=\"wp-image-171\" srcset=\"https:\/\/birewegge.com\/wp-content\/uploads\/2020\/08\/24_img1678.jpg 450w, https:\/\/birewegge.com\/wp-content\/uploads\/2020\/08\/24_img1678-225x300.jpg 225w\" sizes=\"auto, (max-width: 450px) 100vw, 450px\" \/><\/figure>\n\n\n\n<figure class=\"wp-block-image size-large\"><img loading=\"lazy\" decoding=\"async\" width=\"450\" height=\"600\" data-id=\"172\" src=\"https:\/\/birewegge.com\/wp-content\/uploads\/2020\/08\/24_img1681.jpg\" alt=\"\" class=\"wp-image-172\" srcset=\"https:\/\/birewegge.com\/wp-content\/uploads\/2020\/08\/24_img1681.jpg 450w, https:\/\/birewegge.com\/wp-content\/uploads\/2020\/08\/24_img1681-225x300.jpg 225w\" sizes=\"auto, (max-width: 450px) 100vw, 450px\" \/><\/figure>\n\n\n\n<figure class=\"wp-block-image size-large\"><img loading=\"lazy\" decoding=\"async\" width=\"450\" height=\"600\" data-id=\"173\" src=\"https:\/\/birewegge.com\/wp-content\/uploads\/2020\/08\/24_img3977.jpg\" alt=\"\" class=\"wp-image-173\" srcset=\"https:\/\/birewegge.com\/wp-content\/uploads\/2020\/08\/24_img3977.jpg 450w, https:\/\/birewegge.com\/wp-content\/uploads\/2020\/08\/24_img3977-225x300.jpg 225w\" sizes=\"auto, (max-width: 450px) 100vw, 450px\" \/><\/figure>\n\n\n\n<figure class=\"wp-block-image size-large\"><img loading=\"lazy\" decoding=\"async\" width=\"600\" height=\"450\" data-id=\"174\" src=\"https:\/\/birewegge.com\/wp-content\/uploads\/2020\/08\/24_img4169.jpg\" alt=\"\" class=\"wp-image-174\" srcset=\"https:\/\/birewegge.com\/wp-content\/uploads\/2020\/08\/24_img4169.jpg 600w, https:\/\/birewegge.com\/wp-content\/uploads\/2020\/08\/24_img4169-300x225.jpg 300w\" sizes=\"auto, (max-width: 600px) 100vw, 600px\" \/><\/figure>\n\n\n\n<figure class=\"wp-block-image size-large\"><img loading=\"lazy\" decoding=\"async\" width=\"600\" height=\"450\" data-id=\"175\" src=\"https:\/\/birewegge.com\/wp-content\/uploads\/2020\/08\/24_img4186.jpg\" alt=\"\" class=\"wp-image-175\" srcset=\"https:\/\/birewegge.com\/wp-content\/uploads\/2020\/08\/24_img4186.jpg 600w, https:\/\/birewegge.com\/wp-content\/uploads\/2020\/08\/24_img4186-300x225.jpg 300w\" sizes=\"auto, (max-width: 600px) 100vw, 600px\" \/><\/figure>\n<\/figure>\n\n\n\n<p><strong>Sin mir vo alle guete Gaischter verloo?<\/strong><\/p>\n\n\n\n<p>Spoot in der Nacht, der Haiggi isch am Dichte<br>Bi Wienachtsgutzi, Kerzeliecht und Wyy.<br>Er iberleegt, vo was \u00e4r no kennt brichte,<br>Doch fallt em aifach nyt mee Luschtigs yy.<br>\u201eWorum\u201c, so schimpft er, \u201eka me nit verzichte<br>Uf ai so Zeedel? S isch jo jeede glyych:<br>Verzellt mit neye V\u00e4rsli, alti Gschichte<br>Verkauft is alte Wyy in neye Schlyych\u201c.<\/p>\n\n\n\n<p>Bi so Gedangge findet iin kai Muuse,<br>Drum lescht er s Kerzli, loot sy Wyyglas zrugg,<br>Legt d Jaggen aa und goot in d Kelti uuse<br>Em Rhy noo und denn iber d Wettstaibrugg.<br>En yysig kalte Wind het en empfange,<br>Won er bim neye Kunschtmuseum stoot.<br>Er zieht der Kopf yy und isch wytergange<br>Dur d Rittergass, und heert, wie s Zwelfi schloot.<\/p>\n\n\n\n<p>Bim Gryzgang gseet der Haiggi ebber renne:<br>Huscht dert dur s Gitter nit e Gstalt dervoo?<br>Der Reformator, mues er denn erkenne,<br>Isch vo sym Sandstaisoggel aabekoo.<br>Und vor em Minschter gseet er mit Entsetze:<br>Der Hailig Kaiser Heinrich isch nimm doo.<br>Au d Kunigund, sy Frau, isch furt und jetze<br>Hett si s Pod\u00e4scht de Dyybli iberloo.<\/p>\n\n\n\n<p>\u201eLueg, stoot nit s Hauptportal e Sp\u00e4ltli offe?\u201c<br>Der Haiggi zwyyflet draa, das ka nit syy.<br>\u201eGseen y scho Gaischter oder bin y bsoffe?\u201c<br>Voll Wunderfitz schlupft \u00e4r zer Diiren yy.<\/p>\n\n\n\n<p>Im dunggle Hauptschiff drifft er e Versammlig:<br>Vyyl hundert Gstalte hoggen in de B\u00e4ngg.<br>Si schyyne staialt, grau und eenter gammlig<br>Und gl\u00e4bbere mit iire Gnochegl\u00e4ngg.<br>Jetz schleppt sich ain vo d\u00e4ne Schattegstalte<br>Mit Mie uf d Kanzle, won e Pfunzle brennt.<br>Erasmus haisst er, und er isch en alte<br>Und gscheite Maa, wo jede Basler kennt.<br>Mit glaarer Stimm foot \u00e4r aa referiere<br>Ladyynisch und uf Dytsch, me soll s verstoo.<br>Sogar uf Griechisch heert men en doziere:<br>Ergl\u00e4\u00e4rt, worum er Basel wott verloo.<\/p>\n\n\n\n<p>&#8220;W\u00e4rts consilium, liebi patres,<br>Liebi Schweschtere et fratres,<br>Hochvereerti professores,<br>Gleerti, Kinschtler et lectores,<br>Humanischte, Alchemischte,<br>Verleeger, Drugger, Komponischte&nbsp;<br>Minschterbauer und Jurischte<br>Dichter, D\u00e4ngger und so wyter<br>S stoot um unser Basel schyter!<br>D Region, wo ainzig uf der W\u00e4lt isch<br>Als Ort, wo Kunscht, Kultur und Wisse,<br>und s Drummle wichtiger als G\u00e4ld isch,<br>Wird vo alle Syte bschisse.<br>Si wird regiert von e baar Naare<br>Wo, wel si nit an d Zuekumft d\u00e4ngge,<br>Lyychtsinnig an der Bildig spaare<br>Und wo sich s\u00e4lber s G\u00e4ld w\u00e4nn sch\u00e4ngge.\u201c<br>\u201eCollegae,\u201c frogt er denn rhetorisch,<br>\u201eW\u00e4nner wirgglig z Basel blyybe,<br>Wo kain me, wenn das wirgglig woor isch,<br>Ka faadegraad si Namme schryybe?<br>Mir alli sin die guete Gaischter<br>Humanitas et gloria<br>Doctores h.c., alti Maischter<br>Vo d\u00e4re Stadt, verdooria!<br>Drum w\u00e4mmer, no hit z Nacht verschwinde,<br>Mer n\u00e4mmen alli Wyyshait mit.<br>Denn kenne si e Uni grinde,<br>Wo s Cumulus statt Bildig git.&#8221;&nbsp;<\/p>\n\n\n\n<p>Uf aimool heert me, wie im letschte Rang<br>Ain lyysilig aafoot singe.<br>Und glyy scho loot e dumpfe Gsang<br>S romanisch Gwelb erklinge:<br>\u201eZ Basel an mym Rhyy ka me nimme syy<br>Do bestimme Sachverwalter,<br>Batzeglemmer, R\u00e4pplispalter<br>In d\u00e4m Basel, w\u00e4mmer nimme syy!\u201c<\/p>\n\n\n\n<p>Wo s Ains schloot, isch der Reedner w\u00e4gg,<br>Im Kircheschiff isch s finschter.<br>Der Haiggi stoot, kalkwyss vor Schr\u00e4gg<br>Elai im l\u00e4\u00e4re Minschter.<br>Wien \u00e4r no haimkoo isch ins Bett,<br>D\u00e4 guet Maa waiss es nimme.<br>Am Morge d\u00e4nggt er sich, er het<br>E Draum gha, ganz e schlimme.<\/p>\n\n\n\n<p>Und won er sich e Kaffi macht,<br>(Der dritt scho an d\u00e4m Daag,<br>Das mues halt syy no d\u00e4\u00e4re Nacht),<br>Do drifft en fascht der Schlag:<br>Sy Zytig bringt e Sensation<br>Grad uf der eerschte Syte<br>Und niemer in der Redaggtion<br>Waiss, was si kennt bedyte:<br>Vom Minschter syyg, ganz ooni Grund,<br>Der Schutzpatron verschwunde<br>Mit syyner Frau, der Kunigund<br>Me haig si nimme gfunde!<br>\u2026<\/p>\n\n\n\n<p>Kunnt e Gaischterzug im Dunggle<br>Dert am G\u00e4msb\u00e4rg um der Egge<br>Mit Auge, wo bedroolig funggle,<br>Kai Angscht, s sin numme d Birewegge.<\/p>\n\n\n\n<p>Lad\u00e4\u00e4rne luege ka me vor em Minschter<br>vom M\u00e4ntigzoobe bis am Mittwuchmorge.<br>Und wenn si mit Liebi gmoolt sin und scheen<br>lyychte, ka s syy, dass au der Kaiser Heinrich und&nbsp;<br>d Kaiserin Kunigunde wider an iirem Bl\u00e4tzli steen.<\/p>\n","protected":false},"excerpt":{"rendered":"<p>Sin mir vo alle guete Gaischter verloo? Spoot in der Nacht, der Haiggi isch am DichteBi Wienachtsgutzi, Kerzeliecht und Wyy.Er&hellip;<\/p>\n","protected":false},"author":1,"featured_media":0,"parent":0,"menu_order":0,"comment_status":"closed","ping_status":"closed","template":"","meta":{"footnotes":""},"class_list":["post-158","page","type-page","status-publish","hentry"],"jetpack_sharing_enabled":true,"_links":{"self":[{"href":"https:\/\/birewegge.com\/index.php?rest_route=\/wp\/v2\/pages\/158","targetHints":{"allow":["GET"]}}],"collection":[{"href":"https:\/\/birewegge.com\/index.php?rest_route=\/wp\/v2\/pages"}],"about":[{"href":"https:\/\/birewegge.com\/index.php?rest_route=\/wp\/v2\/types\/page"}],"author":[{"embeddable":true,"href":"https:\/\/birewegge.com\/index.php?rest_route=\/wp\/v2\/users\/1"}],"replies":[{"embeddable":true,"href":"https:\/\/birewegge.com\/index.php?rest_route=%2Fwp%2Fv2%2Fcomments&post=158"}],"version-history":[{"count":2,"href":"https:\/\/birewegge.com\/index.php?rest_route=\/wp\/v2\/pages\/158\/revisions"}],"predecessor-version":[{"id":515,"href":"https:\/\/birewegge.com\/index.php?rest_route=\/wp\/v2\/pages\/158\/revisions\/515"}],"wp:attachment":[{"href":"https:\/\/birewegge.com\/index.php?rest_route=%2Fwp%2Fv2%2Fmedia&parent=158"}],"curies":[{"name":"wp","href":"https:\/\/api.w.org\/{rel}","templated":true}]}}