{"id":177,"date":"2020-08-18T16:24:11","date_gmt":"2020-08-18T16:24:11","guid":{"rendered":"http:\/\/birewegge.com\/?page_id=177"},"modified":"2022-01-31T12:49:22","modified_gmt":"2022-01-31T12:49:22","slug":"2015-2","status":"publish","type":"page","link":"https:\/\/birewegge.com\/?page_id=177","title":{"rendered":"2015"},"content":{"rendered":"\n<figure class=\"wp-block-gallery has-nested-images columns-default is-cropped wp-block-gallery-1 is-layout-flex wp-block-gallery-is-layout-flex\">\n<figure class=\"wp-block-image size-large\"><img loading=\"lazy\" decoding=\"async\" width=\"600\" height=\"492\" data-id=\"178\" src=\"https:\/\/birewegge.com\/wp-content\/uploads\/2020\/08\/23_baz1.jpg\" alt=\"\" class=\"wp-image-178\" srcset=\"https:\/\/birewegge.com\/wp-content\/uploads\/2020\/08\/23_baz1.jpg 600w, https:\/\/birewegge.com\/wp-content\/uploads\/2020\/08\/23_baz1-300x246.jpg 300w\" sizes=\"auto, (max-width: 600px) 100vw, 600px\" \/><\/figure>\n\n\n\n<figure class=\"wp-block-image size-large\"><img loading=\"lazy\" decoding=\"async\" width=\"450\" height=\"600\" data-id=\"179\" src=\"https:\/\/birewegge.com\/wp-content\/uploads\/2020\/08\/23_baz2.jpg\" alt=\"\" class=\"wp-image-179\" srcset=\"https:\/\/birewegge.com\/wp-content\/uploads\/2020\/08\/23_baz2.jpg 450w, https:\/\/birewegge.com\/wp-content\/uploads\/2020\/08\/23_baz2-225x300.jpg 225w\" sizes=\"auto, (max-width: 450px) 100vw, 450px\" \/><\/figure>\n\n\n\n<figure class=\"wp-block-image size-large\"><img loading=\"lazy\" decoding=\"async\" width=\"600\" height=\"400\" data-id=\"180\" src=\"https:\/\/birewegge.com\/wp-content\/uploads\/2020\/08\/23_getimg1.jpg\" alt=\"\" class=\"wp-image-180\" srcset=\"https:\/\/birewegge.com\/wp-content\/uploads\/2020\/08\/23_getimg1.jpg 600w, https:\/\/birewegge.com\/wp-content\/uploads\/2020\/08\/23_getimg1-300x200.jpg 300w\" sizes=\"auto, (max-width: 600px) 100vw, 600px\" \/><\/figure>\n\n\n\n<figure class=\"wp-block-image size-large\"><img loading=\"lazy\" decoding=\"async\" width=\"400\" height=\"600\" data-id=\"181\" src=\"https:\/\/birewegge.com\/wp-content\/uploads\/2020\/08\/23_getimg2.jpg\" alt=\"\" class=\"wp-image-181\" srcset=\"https:\/\/birewegge.com\/wp-content\/uploads\/2020\/08\/23_getimg2.jpg 400w, https:\/\/birewegge.com\/wp-content\/uploads\/2020\/08\/23_getimg2-200x300.jpg 200w\" sizes=\"auto, (max-width: 400px) 100vw, 400px\" \/><\/figure>\n\n\n\n<figure class=\"wp-block-image size-large\"><img loading=\"lazy\" decoding=\"async\" width=\"600\" height=\"400\" data-id=\"182\" src=\"https:\/\/birewegge.com\/wp-content\/uploads\/2020\/08\/23_getimg3.jpg\" alt=\"\" class=\"wp-image-182\" srcset=\"https:\/\/birewegge.com\/wp-content\/uploads\/2020\/08\/23_getimg3.jpg 600w, https:\/\/birewegge.com\/wp-content\/uploads\/2020\/08\/23_getimg3-300x200.jpg 300w\" sizes=\"auto, (max-width: 600px) 100vw, 600px\" \/><\/figure>\n\n\n\n<figure class=\"wp-block-image size-large\"><img loading=\"lazy\" decoding=\"async\" width=\"1024\" height=\"768\" data-id=\"183\" src=\"https:\/\/birewegge.com\/wp-content\/uploads\/2020\/08\/23_img0476-1024x768.jpg\" alt=\"\" class=\"wp-image-183\" srcset=\"https:\/\/birewegge.com\/wp-content\/uploads\/2020\/08\/23_img0476-1024x768.jpg 1024w, https:\/\/birewegge.com\/wp-content\/uploads\/2020\/08\/23_img0476-300x225.jpg 300w, https:\/\/birewegge.com\/wp-content\/uploads\/2020\/08\/23_img0476-768x576.jpg 768w, https:\/\/birewegge.com\/wp-content\/uploads\/2020\/08\/23_img0476-1536x1152.jpg 1536w, https:\/\/birewegge.com\/wp-content\/uploads\/2020\/08\/23_img0476-2048x1536.jpg 2048w, https:\/\/birewegge.com\/wp-content\/uploads\/2020\/08\/23_img0476-1600x1200.jpg 1600w\" sizes=\"auto, (max-width: 1024px) 100vw, 1024px\" \/><\/figure>\n\n\n\n<figure class=\"wp-block-image size-large\"><img loading=\"lazy\" decoding=\"async\" width=\"1024\" height=\"768\" data-id=\"184\" src=\"https:\/\/birewegge.com\/wp-content\/uploads\/2020\/08\/23_img0481-1024x768.jpg\" alt=\"\" class=\"wp-image-184\" srcset=\"https:\/\/birewegge.com\/wp-content\/uploads\/2020\/08\/23_img0481-1024x768.jpg 1024w, https:\/\/birewegge.com\/wp-content\/uploads\/2020\/08\/23_img0481-300x225.jpg 300w, https:\/\/birewegge.com\/wp-content\/uploads\/2020\/08\/23_img0481-768x576.jpg 768w, https:\/\/birewegge.com\/wp-content\/uploads\/2020\/08\/23_img0481-1536x1152.jpg 1536w, https:\/\/birewegge.com\/wp-content\/uploads\/2020\/08\/23_img0481-2048x1536.jpg 2048w, https:\/\/birewegge.com\/wp-content\/uploads\/2020\/08\/23_img0481-1600x1200.jpg 1600w\" sizes=\"auto, (max-width: 1024px) 100vw, 1024px\" \/><\/figure>\n\n\n\n<figure class=\"wp-block-image size-large\"><img loading=\"lazy\" decoding=\"async\" width=\"1024\" height=\"768\" data-id=\"185\" src=\"https:\/\/birewegge.com\/wp-content\/uploads\/2020\/08\/23_img0482-1024x768.jpg\" alt=\"\" class=\"wp-image-185\" srcset=\"https:\/\/birewegge.com\/wp-content\/uploads\/2020\/08\/23_img0482-1024x768.jpg 1024w, https:\/\/birewegge.com\/wp-content\/uploads\/2020\/08\/23_img0482-300x225.jpg 300w, https:\/\/birewegge.com\/wp-content\/uploads\/2020\/08\/23_img0482-768x576.jpg 768w, https:\/\/birewegge.com\/wp-content\/uploads\/2020\/08\/23_img0482-1536x1152.jpg 1536w, https:\/\/birewegge.com\/wp-content\/uploads\/2020\/08\/23_img0482-2048x1536.jpg 2048w, https:\/\/birewegge.com\/wp-content\/uploads\/2020\/08\/23_img0482-1600x1200.jpg 1600w\" sizes=\"auto, (max-width: 1024px) 100vw, 1024px\" \/><\/figure>\n\n\n\n<figure class=\"wp-block-image size-large\"><img loading=\"lazy\" decoding=\"async\" width=\"640\" height=\"139\" data-id=\"186\" src=\"https:\/\/birewegge.com\/wp-content\/uploads\/2020\/08\/23_radabang15.png\" alt=\"\" class=\"wp-image-186\" srcset=\"https:\/\/birewegge.com\/wp-content\/uploads\/2020\/08\/23_radabang15.png 640w, https:\/\/birewegge.com\/wp-content\/uploads\/2020\/08\/23_radabang15-300x65.png 300w\" sizes=\"auto, (max-width: 640px) 100vw, 640px\" \/><\/figure>\n<\/figure>\n\n\n\n<p>BASEL OONI HAASE<\/p>\n\n\n\n<p>E Helge zaigt e Buebeziigli, wo in finschtrer Nacht<br>Bim G\u00e4ssle vor em Ch\u00e2teau Lapin ainsam Fasnacht macht.<br>En Alti luegt zem F\u00e4nschter uus, si wott jetz \u00e4ndlig Rue<br>Und d Baiz ligt ganz im Dunggel, offesichtlig isch si zue.<br>Das het der Niggi Steggli gmoolt, vor iber nynzig Joor<br>Und ainew\u00e4g kunnt uns die Szene fascht prophetisch vor.<br>Schynt s nit, me gs\u00e4\u00e4ch der Fasnacht iiri Zuekunft uf d\u00e4m Bild?<br>Nyt isch, mer mache jetz e Themew\u00e4ggsel: Alles halb so wild!<\/p>\n\n\n\n<p>Kenne Sii der Oschterhaas? Mir mache grad e Wett,<br>Ass jede, wo jetz schreyt: \u201eHe joo!\u201c, no nie ain droffe het.<br>Und frogt me, ob das frindlig Dier au kennt e Kingel syy,<br>Denn git s e Riisediskussion. Mir mischen is nid yy.<\/p>\n\n\n\n<p>Haas und Kingel sin nid s glyych, dasch allgemain bekannt.<br>Doch bi alle Unterschiid: die baide sin verwandt.<br>Waiche Pelz und scharfi Zeen e flyssig Schnuppern\u00e4\u00e4sli<br>Kurzes Schw\u00e4nzli, langi Bai h\u00e4nn d Kingeli wie d H\u00e4\u00e4sli.<br>D Aigenart vo d\u00e4ne zwai, kennt m\u00e4nge nit so gnau.<br>Baidi renne gschwind und langi Oore h\u00e4n si au.<\/p>\n\n\n\n<p>\u201eDas hett jo\u201c, rieft der Obmaa gstresst, \u201e mit Fasnacht gar nyt z due.<br>Drum leend mit eyrem Haasezyyg mi gopfridstutz in Rue!<br>Mir sotten is vo Politik und Stadtgschicht sich lo beriere;<br>Drum gang y morn ins Staatsarchiv go Dokum\u00e4nt studiere.\u201c<\/p>\n\n\n\n<p>Und scho am n\u00e4ggschte Vormidaag baant d Sensation sich aa.<br>Der Obmaa schrybt em Dichter stolz: \u201eLueg was y gfunde ha!<br>In Basel gits e glaini Strooss, si haisst der Haaseb\u00e4rg,<br>Dert stoot e Kalkstaibrunnedroog, e bsunders br\u00e4chtig W\u00e4rgg,<br>Und uf em Stogg hoggt stolz e Haas, us Bronzen isch er gosse,<br>E Louis Buurget haig en gmacht; sunscht haig d\u00e4 Haase gschosse.<br>Grad dert, wo s\u00e4lle Brunne stoot, und bis an Birsig unde<br>Syg s Landguet gsi Zer Haaseburg, das isch scho lang verschwunde.\u201c<\/p>\n\n\n\n<p>Da s\u00e4ltsam Namme irritiert: E Burg baut sich kai Haas.<br>D\u00e4 macht sich, wenn der Fuchs kunnt, glai und druggt sich still ins Gras.<\/p>\n\n\n\n<p>\u201eIm Mittelalter het s no mee so Haaseburge g\u00e4,\u201c<br>Hett unsre Obmaa kenne alte Dokum\u00e4nt entn\u00e4\u00e4.<br>\u201eAm Haib\u00e4rg, in der Dalbe, in der Aesche, lengscht verg\u00e4sse,<br>Het s Hyyser g\u00e4\u00e4, die haigen au d\u00e4 gschp\u00e4ssig Namme bs\u00e4sse.<br>Und fascht sit siibehundert Joor\u201c, so fasst er denne z\u00e4mme,<br>\u201eGit s in der Schnyydergass e Huus, das drait sogar vier N\u00e4mme:<br>Uff Hochdytsch liist me, Hasenburg, Franzeesisch Kingelschloss:<br>Le Ch\u00e2teau Lapin, ganz korr\u00e4ggt\u201c erkl\u00e4rt der Cliqueboss.<br>\u201eUf Baseldytsch haisst s Haaseburg, mir saagen aifach d Haase,<br>Au wenn dert eender grieni Hind als Haase duureraase.\u201c<\/p>\n\n\n\n<p>E jede waiss, ass d Haase n\u00e4bem Imberg\u00e4ssli stoot,<br>Z mitts in der Stadt, grad dert, wo s H\u00e4rz vo unsrer Fasnacht schloot.<br>Vyyl Joor isch d Haase als Lokal fir alli Gsellschaftsschichte<br>Beriehmt gsi z Basel fir Skandal- und andri Raibergschichte.<\/p>\n\n\n\n<p>Bizyte het der Schaggi dert si erschte B\u00e4cher gl\u00e4\u00e4rt,<br>Bevor er denn an d Arbet isch am Gmiesstand uf em M\u00e4rt.<br>Zem Znyyni gseet me d Stroossewischer gschwind e Groosses schnabbe,<br>Bim ballon d\u2019 Alg\u00e9rie d Stud\u00e4nte mit und ooni Kappe.<br>Und wenn s vom Roothuus Zwelfi schloot, wott kain zem \u00c4sse z schpoot syy<br>Ob Grampfer ob Regierigsroot, ob Liberal ob Sozi.<\/p>\n\n\n\n<p>Und fascht an jedem Oobe het sich d Kinschtlerszene droffe.<br>S isch graaglet voll, me diskutiert, me lacht und alli hoffe,<br>Dass alles \u00e4ndlig besseret, entwirft e neyi W\u00e4lt,<br>Mit schw\u00e4rer Zunge, grossem Durscht und zimlig weeni G\u00e4ld.<br>Nadyrlig rauchen ooni Filter alli Gauloises blau<br>Mit g\u00e4\u00e4le Finger, g\u00e4\u00e4le Zeen und d Luft isch digg und grau.<\/p>\n\n\n\n<p>Me bschtellt e Liter Roote z viert, drzue e Wurschtsalat, garniert.<br>Glyy isch me driber informiert, was alles uf der W\u00e4lt passiert.<br>Der Wirt het d L\u00e4\u00e4berli tranchiert, die beschti Reeschti produziert,<br>Sy Frau het d Bschtellige notiert, het au e bitzli intrigiert,<br>Mit Flyss serviert, drno kassiert, kurzum: die Spunte het rentiert.<\/p>\n\n\n\n<p>Doch laider gits vo d\u00e4m Lokal au iibli Sache z brichte:<br>Vo Spekulantetum, vo Gyt und dunggle, beese Gschichte,<br>Vo Striggverbott und vo Boykott, vo Grichtsf\u00e4ll und Intrige.<br>Will mer jetz aber Fasnacht h\u00e4nn, w\u00e4nn mir do driber schwyyge.<\/p>\n\n\n\n<p>Aber grad fir d Fasnacht drifft e schlimmi Nooricht yy.<br>D Haaseburg isch zue und wird s vilicht fir immer syy.<br>Aine git em andre d Schuld fir die verpfuschti Planig<br>Und me wirft enander vor, me haigi halt kai Aanig.<br>Het der Niggi Steggli mit sim Helge z letscht no r\u00e4cht?<br>Denne stieng s um d Traditione z Basel eender schl\u00e4cht!<\/p>\n\n\n\n<p>Wotsch no n em G\u00e4ssle ebbbis \u00e4sse<br>In der Haase? Kasch verg\u00e4sse!<br>Loo der en Oschterai lo schmegge;<br>Scheeni Fasnacht, d Birewegge!<\/p>\n","protected":false},"excerpt":{"rendered":"<p>BASEL OONI HAASE E Helge zaigt e Buebeziigli, wo in finschtrer NachtBim G\u00e4ssle vor em Ch\u00e2teau Lapin ainsam Fasnacht macht.En&hellip;<\/p>\n","protected":false},"author":1,"featured_media":0,"parent":0,"menu_order":0,"comment_status":"closed","ping_status":"closed","template":"","meta":{"footnotes":""},"class_list":["post-177","page","type-page","status-publish","hentry"],"jetpack_sharing_enabled":true,"_links":{"self":[{"href":"https:\/\/birewegge.com\/index.php?rest_route=\/wp\/v2\/pages\/177","targetHints":{"allow":["GET"]}}],"collection":[{"href":"https:\/\/birewegge.com\/index.php?rest_route=\/wp\/v2\/pages"}],"about":[{"href":"https:\/\/birewegge.com\/index.php?rest_route=\/wp\/v2\/types\/page"}],"author":[{"embeddable":true,"href":"https:\/\/birewegge.com\/index.php?rest_route=\/wp\/v2\/users\/1"}],"replies":[{"embeddable":true,"href":"https:\/\/birewegge.com\/index.php?rest_route=%2Fwp%2Fv2%2Fcomments&post=177"}],"version-history":[{"count":2,"href":"https:\/\/birewegge.com\/index.php?rest_route=\/wp\/v2\/pages\/177\/revisions"}],"predecessor-version":[{"id":516,"href":"https:\/\/birewegge.com\/index.php?rest_route=\/wp\/v2\/pages\/177\/revisions\/516"}],"wp:attachment":[{"href":"https:\/\/birewegge.com\/index.php?rest_route=%2Fwp%2Fv2%2Fmedia&parent=177"}],"curies":[{"name":"wp","href":"https:\/\/api.w.org\/{rel}","templated":true}]}}