{"id":206,"date":"2020-08-18T16:27:22","date_gmt":"2020-08-18T16:27:22","guid":{"rendered":"http:\/\/birewegge.com\/?page_id=206"},"modified":"2022-01-31T12:50:51","modified_gmt":"2022-01-31T12:50:51","slug":"2013-2","status":"publish","type":"page","link":"https:\/\/birewegge.com\/?page_id=206","title":{"rendered":"2013"},"content":{"rendered":"\n<figure class=\"wp-block-gallery has-nested-images columns-default is-cropped wp-block-gallery-1 is-layout-flex wp-block-gallery-is-layout-flex\">\n<figure class=\"wp-block-image size-large\"><img loading=\"lazy\" decoding=\"async\" width=\"640\" height=\"480\" data-id=\"207\" src=\"https:\/\/birewegge.com\/wp-content\/uploads\/2020\/08\/19_75_v2.jpg\" alt=\"\" class=\"wp-image-207\" srcset=\"https:\/\/birewegge.com\/wp-content\/uploads\/2020\/08\/19_75_v2.jpg 640w, https:\/\/birewegge.com\/wp-content\/uploads\/2020\/08\/19_75_v2-300x225.jpg 300w\" sizes=\"auto, (max-width: 640px) 100vw, 640px\" \/><\/figure>\n\n\n\n<figure class=\"wp-block-image size-large\"><img loading=\"lazy\" decoding=\"async\" width=\"768\" height=\"1024\" data-id=\"208\" src=\"https:\/\/birewegge.com\/wp-content\/uploads\/2020\/08\/19_1301-768x1024.jpg\" alt=\"\" class=\"wp-image-208\" srcset=\"https:\/\/birewegge.com\/wp-content\/uploads\/2020\/08\/19_1301-768x1024.jpg 768w, https:\/\/birewegge.com\/wp-content\/uploads\/2020\/08\/19_1301-225x300.jpg 225w, https:\/\/birewegge.com\/wp-content\/uploads\/2020\/08\/19_1301-1152x1536.jpg 1152w, https:\/\/birewegge.com\/wp-content\/uploads\/2020\/08\/19_1301-1536x2048.jpg 1536w, https:\/\/birewegge.com\/wp-content\/uploads\/2020\/08\/19_1301-1600x2133.jpg 1600w, https:\/\/birewegge.com\/wp-content\/uploads\/2020\/08\/19_1301-scaled.jpg 1920w\" sizes=\"auto, (max-width: 768px) 100vw, 768px\" \/><\/figure>\n\n\n\n<figure class=\"wp-block-image size-large\"><img loading=\"lazy\" decoding=\"async\" width=\"768\" height=\"1024\" data-id=\"209\" src=\"https:\/\/birewegge.com\/wp-content\/uploads\/2020\/08\/19_1302-768x1024.jpg\" alt=\"\" class=\"wp-image-209\" srcset=\"https:\/\/birewegge.com\/wp-content\/uploads\/2020\/08\/19_1302-768x1024.jpg 768w, https:\/\/birewegge.com\/wp-content\/uploads\/2020\/08\/19_1302-225x300.jpg 225w, https:\/\/birewegge.com\/wp-content\/uploads\/2020\/08\/19_1302-1152x1536.jpg 1152w, https:\/\/birewegge.com\/wp-content\/uploads\/2020\/08\/19_1302-1536x2048.jpg 1536w, https:\/\/birewegge.com\/wp-content\/uploads\/2020\/08\/19_1302-1600x2133.jpg 1600w, https:\/\/birewegge.com\/wp-content\/uploads\/2020\/08\/19_1302-scaled.jpg 1920w\" sizes=\"auto, (max-width: 768px) 100vw, 768px\" \/><\/figure>\n\n\n\n<figure class=\"wp-block-image size-large\"><img loading=\"lazy\" decoding=\"async\" width=\"768\" height=\"1024\" data-id=\"210\" src=\"https:\/\/birewegge.com\/wp-content\/uploads\/2020\/08\/19_1303-768x1024.jpg\" alt=\"\" class=\"wp-image-210\" srcset=\"https:\/\/birewegge.com\/wp-content\/uploads\/2020\/08\/19_1303-768x1024.jpg 768w, https:\/\/birewegge.com\/wp-content\/uploads\/2020\/08\/19_1303-225x300.jpg 225w, https:\/\/birewegge.com\/wp-content\/uploads\/2020\/08\/19_1303-1152x1536.jpg 1152w, https:\/\/birewegge.com\/wp-content\/uploads\/2020\/08\/19_1303-1536x2048.jpg 1536w, https:\/\/birewegge.com\/wp-content\/uploads\/2020\/08\/19_1303-1600x2133.jpg 1600w, https:\/\/birewegge.com\/wp-content\/uploads\/2020\/08\/19_1303-scaled.jpg 1920w\" sizes=\"auto, (max-width: 768px) 100vw, 768px\" \/><\/figure>\n\n\n\n<figure class=\"wp-block-image size-large\"><img loading=\"lazy\" decoding=\"async\" width=\"768\" height=\"1024\" data-id=\"211\" src=\"https:\/\/birewegge.com\/wp-content\/uploads\/2020\/08\/19_1304-768x1024.jpg\" alt=\"\" class=\"wp-image-211\" srcset=\"https:\/\/birewegge.com\/wp-content\/uploads\/2020\/08\/19_1304-768x1024.jpg 768w, https:\/\/birewegge.com\/wp-content\/uploads\/2020\/08\/19_1304-225x300.jpg 225w, https:\/\/birewegge.com\/wp-content\/uploads\/2020\/08\/19_1304-1152x1536.jpg 1152w, https:\/\/birewegge.com\/wp-content\/uploads\/2020\/08\/19_1304-1536x2048.jpg 1536w, https:\/\/birewegge.com\/wp-content\/uploads\/2020\/08\/19_1304-1600x2133.jpg 1600w, https:\/\/birewegge.com\/wp-content\/uploads\/2020\/08\/19_1304-scaled.jpg 1920w\" sizes=\"auto, (max-width: 768px) 100vw, 768px\" \/><\/figure>\n\n\n\n<figure class=\"wp-block-image size-large\"><img loading=\"lazy\" decoding=\"async\" width=\"1024\" height=\"768\" data-id=\"212\" src=\"https:\/\/birewegge.com\/wp-content\/uploads\/2020\/08\/19_foto5-1024x768.jpg\" alt=\"\" class=\"wp-image-212\" srcset=\"https:\/\/birewegge.com\/wp-content\/uploads\/2020\/08\/19_foto5-1024x768.jpg 1024w, https:\/\/birewegge.com\/wp-content\/uploads\/2020\/08\/19_foto5-300x225.jpg 300w, https:\/\/birewegge.com\/wp-content\/uploads\/2020\/08\/19_foto5-768x576.jpg 768w, https:\/\/birewegge.com\/wp-content\/uploads\/2020\/08\/19_foto5-1536x1152.jpg 1536w, https:\/\/birewegge.com\/wp-content\/uploads\/2020\/08\/19_foto5-2048x1536.jpg 2048w, https:\/\/birewegge.com\/wp-content\/uploads\/2020\/08\/19_foto5-1600x1200.jpg 1600w\" sizes=\"auto, (max-width: 1024px) 100vw, 1024px\" \/><\/figure>\n\n\n\n<figure class=\"wp-block-image size-large\"><img loading=\"lazy\" decoding=\"async\" width=\"1024\" height=\"826\" data-id=\"213\" src=\"https:\/\/birewegge.com\/wp-content\/uploads\/2020\/08\/19_foto6-1024x826.jpg\" alt=\"\" class=\"wp-image-213\" srcset=\"https:\/\/birewegge.com\/wp-content\/uploads\/2020\/08\/19_foto6-1024x826.jpg 1024w, https:\/\/birewegge.com\/wp-content\/uploads\/2020\/08\/19_foto6-300x242.jpg 300w, https:\/\/birewegge.com\/wp-content\/uploads\/2020\/08\/19_foto6-768x620.jpg 768w, https:\/\/birewegge.com\/wp-content\/uploads\/2020\/08\/19_foto6-1536x1239.jpg 1536w, https:\/\/birewegge.com\/wp-content\/uploads\/2020\/08\/19_foto6-1600x1291.jpg 1600w, https:\/\/birewegge.com\/wp-content\/uploads\/2020\/08\/19_foto6.jpg 1676w\" sizes=\"auto, (max-width: 1024px) 100vw, 1024px\" \/><\/figure>\n\n\n\n<figure class=\"wp-block-image size-large\"><img loading=\"lazy\" decoding=\"async\" width=\"1024\" height=\"768\" data-id=\"214\" src=\"https:\/\/birewegge.com\/wp-content\/uploads\/2020\/08\/19_foto7-1024x768.jpg\" alt=\"\" class=\"wp-image-214\" srcset=\"https:\/\/birewegge.com\/wp-content\/uploads\/2020\/08\/19_foto7-1024x768.jpg 1024w, https:\/\/birewegge.com\/wp-content\/uploads\/2020\/08\/19_foto7-300x225.jpg 300w, https:\/\/birewegge.com\/wp-content\/uploads\/2020\/08\/19_foto7-768x576.jpg 768w, https:\/\/birewegge.com\/wp-content\/uploads\/2020\/08\/19_foto7-1536x1152.jpg 1536w, https:\/\/birewegge.com\/wp-content\/uploads\/2020\/08\/19_foto7-2048x1536.jpg 2048w, https:\/\/birewegge.com\/wp-content\/uploads\/2020\/08\/19_foto7-1600x1200.jpg 1600w\" sizes=\"auto, (max-width: 1024px) 100vw, 1024px\" \/><\/figure>\n\n\n\n<figure class=\"wp-block-image size-large\"><img loading=\"lazy\" decoding=\"async\" width=\"1024\" height=\"768\" data-id=\"215\" src=\"https:\/\/birewegge.com\/wp-content\/uploads\/2020\/08\/19_foto8-1024x768.jpg\" alt=\"\" class=\"wp-image-215\" srcset=\"https:\/\/birewegge.com\/wp-content\/uploads\/2020\/08\/19_foto8-1024x768.jpg 1024w, https:\/\/birewegge.com\/wp-content\/uploads\/2020\/08\/19_foto8-300x225.jpg 300w, https:\/\/birewegge.com\/wp-content\/uploads\/2020\/08\/19_foto8-768x576.jpg 768w, https:\/\/birewegge.com\/wp-content\/uploads\/2020\/08\/19_foto8-1536x1152.jpg 1536w, https:\/\/birewegge.com\/wp-content\/uploads\/2020\/08\/19_foto8-2048x1536.jpg 2048w, https:\/\/birewegge.com\/wp-content\/uploads\/2020\/08\/19_foto8-1600x1200.jpg 1600w\" sizes=\"auto, (max-width: 1024px) 100vw, 1024px\" \/><\/figure>\n\n\n\n<figure class=\"wp-block-image size-large\"><img loading=\"lazy\" decoding=\"async\" width=\"1024\" height=\"768\" data-id=\"216\" src=\"https:\/\/birewegge.com\/wp-content\/uploads\/2020\/08\/19_foto9-1024x768.jpg\" alt=\"\" class=\"wp-image-216\" srcset=\"https:\/\/birewegge.com\/wp-content\/uploads\/2020\/08\/19_foto9-1024x768.jpg 1024w, https:\/\/birewegge.com\/wp-content\/uploads\/2020\/08\/19_foto9-300x225.jpg 300w, https:\/\/birewegge.com\/wp-content\/uploads\/2020\/08\/19_foto9-768x576.jpg 768w, https:\/\/birewegge.com\/wp-content\/uploads\/2020\/08\/19_foto9-1536x1152.jpg 1536w, https:\/\/birewegge.com\/wp-content\/uploads\/2020\/08\/19_foto9-2048x1536.jpg 2048w, https:\/\/birewegge.com\/wp-content\/uploads\/2020\/08\/19_foto9-1600x1200.jpg 1600w\" sizes=\"auto, (max-width: 1024px) 100vw, 1024px\" \/><\/figure>\n\n\n\n<figure class=\"wp-block-image size-large\"><img loading=\"lazy\" decoding=\"async\" width=\"640\" height=\"480\" data-id=\"217\" src=\"https:\/\/birewegge.com\/wp-content\/uploads\/2020\/08\/19_img0076.jpg\" alt=\"\" class=\"wp-image-217\" srcset=\"https:\/\/birewegge.com\/wp-content\/uploads\/2020\/08\/19_img0076.jpg 640w, https:\/\/birewegge.com\/wp-content\/uploads\/2020\/08\/19_img0076-300x225.jpg 300w\" sizes=\"auto, (max-width: 640px) 100vw, 640px\" \/><\/figure>\n<\/figure>\n\n\n\n<p><strong>FIR IMMER JUNG<br>DIE ALTE &#8211; VORW\u00c4RTS &#8211;<br>MARSCH<\/strong><\/p>\n\n\n\n<p><em>Bau e Leitere zue de St\u00e4rne,<br>Nimm jedi Sprosse mit eme Sprung<br>Und bis und blyb fir immer jung.<br>(Bob Dylan\/Polo Hofer)<\/em><\/p>\n\n\n\n<p>Prolog 1963<br>Der Eddy Pauwels w\u00e4rde Si nit kenne,<br>Er kunnt us Belgie, isch en alte Maa.<br>Doch syynerzyt, bim greschte Velorenne<br>Legt \u00e4r als Erschte s g\u00e4\u00e4li Lyybli aa.<br>Die Gschicht isch grad vor fuffzig Joor passiert,<br>Het absolut nyt mit der Fanacht z due.<br>Drum steert s is nit, wenn kain sich intressiert.<br>Mir w\u00e4nden is Bedytenderem zu.<\/p>\n\n\n\n<p>1963 zem Erschte<br>Vor fuffzig Joor, am zwelfte J\u00e4nner,<br>Z London ame Samschtig znacht,<br>H\u00e4nn s\u00e4ggs verruggti jungi M\u00e4nner<br>S erscht mool z\u00e4mme Muusig gmacht.<br>Mit zwai Gitarre, Bass und Gsang<br>Mit Schnuuregyyge, mit Klavier<br>Und Schlagzyyg spilt me stundelang<br>Fir fish and chips und lauwarm Bier.<br>Und iber Nacht gfallt iiri Muusig<br>De junge Lyt im ganze Land<br>Die Alte finde s eender gruusig<br>Und fir Britannie e Schand.<br>\u00bbIn ai, zwai Joor\u00ab, so heersch die Alte schneede,<br>\u00bbDuet kain vo d\u00e4ne Rolling Stones mee rede.\u00ab<\/p>\n\n\n\n<p>1963 zem Zwaite<br>Zer glyyche Zyt, vor fuffzig Joor,<br>H\u00e4nn z Basel, zwische Birs und Rhy,<br>Zwai glaini Buebe Grosses vor:<br>Si w\u00e4nn e Fasnachtsclique sy.<br>Si bauen e Lad\u00e4rnegstell,<br>Wo me sogar belyychte ka,<br>Und m\u00e4lde sich denn offiziell<br>Bim Comit\u00e9 als Ziigli aa.<br>Jetz lueg au do: e Bitzli speeter,<br>E jede Basler wird s begryffe,<br>Ka ain vo baide &#8211; \u00e4r haisst Peter &#8211;<br>Der Gluggsi und die Alte pfyffe.<br>\u00bbSo glaini Gn\u00e4ggis\u00ab, heersch die Alte lache,<br>\u00bbDie kenne jo nid richtig Fasnacht mache!\u00ab<\/p>\n\n\n\n<p>1963 zem Dritte<br>Z Amerika rieft d Birgerr\u00e4chtsbeweegig<br>Zwaihundertdausig Lyt zem Capitol<br>S mues \u00e4ndlig ebbis gschee, isch d Iberleegig,<br>Und Martin Luther King haisst iir Idol.<br>D\u00e4 het e groossi Aasprooch vor de Masse:<br>E Draum vo Freyheit und vo Harmonyy<br>Und vo Verseenig zwischen alle Rasse.<br>\u00c4r zaigt e Bild, wie Friide kennti syy.<br>Drey Musikante singen iiri Lieder<br>Vo neye Zyten und vo frischem Wind<br>Si sage, alli Mentsche syyge Brieder<br>Und d Antwort liig scho in der Luft, my Frind.<br>Und w\u00e4\u00e4red d Juuged iiri Helde fyyrt,<br>Isch m\u00e4ngem Alte glaar: \u00bbDie sin vo Moskau gstyyrt!\u00ab<\/p>\n\n\n\n<p>1963 zem Vierte<br>Das kasch am Radio Berominschter heere<br>Und, w\u00e4r ains het, ka s au am F\u00e4\u00e4rnse gsee,<br>Doch leen sich d Basler nit so g\u00e4rn beleere,<br>Denn iiri Helde sinn bim FCB.<br>D\u00e4 gwinnt der Cupfinal im Wankdorf z B\u00e4rn.<br>GC verliert, es frait die ganzi Stadt<br>Und n\u00e4be Kuenz und Michaud gseet me g\u00e4rn<br>Im Mittelf\u00e4ld der Karli Odermatt.<br>Und wider heersch die Alte lamentiere:<br>\u00bbDie Junge kennte sich fir Gscheyters engagiere!\u00ab<\/p>\n\n\n\n<p>E baar Joor speeter<br>Im Cliquek\u00e4ller w\u00e4rde Nacht fir Nacht,<br>Wo s niechtelet no Rauch und Dalbedyych,<br>Lad\u00e4rne gmoolt und Larve s\u00e4lber gmacht<br>Mit yysigkalte Fiess, doch isch das glyych.<br>Die glaini Cliquen isch jetz seer politisch<br>Stundelang wird yyfrig diskutiert.<br>Me luegt in d Zuekumft, und will s an der Zyt isch,<br>H\u00e4nn d Pfyffer mit zwai Drummler fusioniert.<br>Si h\u00e4nn mit Marx- und \u00c4ngelszunge<br>Vo Vietnam und Mao Tse Tung<br>Im gschitzten Umf\u00e4ld Reede gschwunge.<br>S isch alle glaar: So blybt me jung!<br>Und wider mische sich die Alten yy:<br>\u00bbDas isch kai Fasnacht &#8211; das isch Anarchyy!\u00ab<\/p>\n\n\n\n<p>Vyyl speeter: 2013<br>Jetz gheere mir scho lang nimm zue de Junge<br>Das mues me aifach realistisch gsee.<br>Der Rhyysprung h\u00e4nn mer zwoor no jedes Joor bezwunge<br>Und dringge noni d\u00e4\u00e4glig Ginsengtee.<br>Im Cliquek\u00e4ller redt me vo Beschw\u00e4rde,<br>Waiss, weeles Mitteli am beschte nutzt.<br>Me frogt sich, ob me glyy sott R\u00e4ntner w\u00e4rde,<br>Und wie me d Runzle wirggigsvoll verbutzt.<br>\u00bbDie Alte w\u00e4nn in alte Zyte l\u00e4\u00e4be,\u00ab<br>Heert me die Junge jetze regglamiere<br>\u00bbSi blyyben an de Tradizioone gl\u00e4\u00e4be,<br>Dien iiri glyyche Gschichte repetiere.\u00ab<\/p>\n\n\n\n<p>Drum loss y jetze d Dichterey lo blyybe,<br>Die Cliquechronik liist jo doch kai Gnoche.<br>Au d W\u00e4ltgschicht kan y hitte nimme schryybe,<br>Fir morn han y em Drugger Boscht versproche.<br>No s Sujet gschwind:&nbsp;<strong>Die Alte &#8211; vorw\u00e4rts &#8211; marsch!<\/strong><br>Gruess, d Birewegge, blooset mer in d Schue!<\/p>\n\n\n\n<p><strong>Fir immer jung &#8230; die Alte! Vorw\u00e4rts, marsch!<br><\/strong><br>Laterne Zaigt vorne: Sit 50 Joor fir immer jung<br>Und hinde: Die Alte &#8211; vorw\u00e4rts, marsch!<br>Im Zug laufe:Die Alte.<br>\u00c0 propos 50 Joor: der Whisky-Soda wird pfiffe und nid drummlet!<\/p>\n","protected":false},"excerpt":{"rendered":"<p>FIR IMMER JUNGDIE ALTE &#8211; VORW\u00c4RTS &#8211;MARSCH Bau e Leitere zue de St\u00e4rne,Nimm jedi Sprosse mit eme SprungUnd bis und&hellip;<\/p>\n","protected":false},"author":1,"featured_media":0,"parent":0,"menu_order":0,"comment_status":"closed","ping_status":"closed","template":"","meta":{"footnotes":""},"class_list":["post-206","page","type-page","status-publish","hentry"],"jetpack_sharing_enabled":true,"_links":{"self":[{"href":"https:\/\/birewegge.com\/index.php?rest_route=\/wp\/v2\/pages\/206","targetHints":{"allow":["GET"]}}],"collection":[{"href":"https:\/\/birewegge.com\/index.php?rest_route=\/wp\/v2\/pages"}],"about":[{"href":"https:\/\/birewegge.com\/index.php?rest_route=\/wp\/v2\/types\/page"}],"author":[{"embeddable":true,"href":"https:\/\/birewegge.com\/index.php?rest_route=\/wp\/v2\/users\/1"}],"replies":[{"embeddable":true,"href":"https:\/\/birewegge.com\/index.php?rest_route=%2Fwp%2Fv2%2Fcomments&post=206"}],"version-history":[{"count":2,"href":"https:\/\/birewegge.com\/index.php?rest_route=\/wp\/v2\/pages\/206\/revisions"}],"predecessor-version":[{"id":518,"href":"https:\/\/birewegge.com\/index.php?rest_route=\/wp\/v2\/pages\/206\/revisions\/518"}],"wp:attachment":[{"href":"https:\/\/birewegge.com\/index.php?rest_route=%2Fwp%2Fv2%2Fmedia&parent=206"}],"curies":[{"name":"wp","href":"https:\/\/api.w.org\/{rel}","templated":true}]}}