{"id":219,"date":"2020-08-18T16:29:04","date_gmt":"2020-08-18T16:29:04","guid":{"rendered":"http:\/\/birewegge.com\/?page_id=219"},"modified":"2022-01-31T12:51:39","modified_gmt":"2022-01-31T12:51:39","slug":"2012-2","status":"publish","type":"page","link":"https:\/\/birewegge.com\/?page_id=219","title":{"rendered":"2012"},"content":{"rendered":"\n<figure class=\"wp-block-gallery has-nested-images columns-default is-cropped wp-block-gallery-1 is-layout-flex wp-block-gallery-is-layout-flex\">\n<figure class=\"wp-block-image size-large\"><img loading=\"lazy\" decoding=\"async\" width=\"450\" height=\"600\" data-id=\"220\" src=\"https:\/\/birewegge.com\/wp-content\/uploads\/2020\/08\/17_2012-02-27-17.jpg\" alt=\"\" class=\"wp-image-220\" srcset=\"https:\/\/birewegge.com\/wp-content\/uploads\/2020\/08\/17_2012-02-27-17.jpg 450w, https:\/\/birewegge.com\/wp-content\/uploads\/2020\/08\/17_2012-02-27-17-225x300.jpg 225w\" sizes=\"auto, (max-width: 450px) 100vw, 450px\" \/><\/figure>\n\n\n\n<figure class=\"wp-block-image size-large\"><img loading=\"lazy\" decoding=\"async\" width=\"600\" height=\"450\" data-id=\"221\" src=\"https:\/\/birewegge.com\/wp-content\/uploads\/2020\/08\/17_2012-02-27-30.jpg\" alt=\"\" class=\"wp-image-221\" srcset=\"https:\/\/birewegge.com\/wp-content\/uploads\/2020\/08\/17_2012-02-27-30.jpg 600w, https:\/\/birewegge.com\/wp-content\/uploads\/2020\/08\/17_2012-02-27-30-300x225.jpg 300w\" sizes=\"auto, (max-width: 600px) 100vw, 600px\" \/><\/figure>\n\n\n\n<figure class=\"wp-block-image size-large\"><img loading=\"lazy\" decoding=\"async\" width=\"600\" height=\"450\" data-id=\"222\" src=\"https:\/\/birewegge.com\/wp-content\/uploads\/2020\/08\/17_2012-02-27-34.jpg\" alt=\"\" class=\"wp-image-222\" srcset=\"https:\/\/birewegge.com\/wp-content\/uploads\/2020\/08\/17_2012-02-27-34.jpg 600w, https:\/\/birewegge.com\/wp-content\/uploads\/2020\/08\/17_2012-02-27-34-300x225.jpg 300w\" sizes=\"auto, (max-width: 600px) 100vw, 600px\" \/><\/figure>\n\n\n\n<figure class=\"wp-block-image size-large\"><img loading=\"lazy\" decoding=\"async\" width=\"450\" height=\"600\" data-id=\"223\" src=\"https:\/\/birewegge.com\/wp-content\/uploads\/2020\/08\/17_2012-02-29-18.jpg\" alt=\"\" class=\"wp-image-223\" srcset=\"https:\/\/birewegge.com\/wp-content\/uploads\/2020\/08\/17_2012-02-29-18.jpg 450w, https:\/\/birewegge.com\/wp-content\/uploads\/2020\/08\/17_2012-02-29-18-225x300.jpg 225w\" sizes=\"auto, (max-width: 450px) 100vw, 450px\" \/><\/figure>\n\n\n\n<figure class=\"wp-block-image size-large\"><img loading=\"lazy\" decoding=\"async\" width=\"300\" height=\"400\" data-id=\"224\" src=\"https:\/\/birewegge.com\/wp-content\/uploads\/2020\/08\/17_img01594-20120229-1322.jpg\" alt=\"\" class=\"wp-image-224\" srcset=\"https:\/\/birewegge.com\/wp-content\/uploads\/2020\/08\/17_img01594-20120229-1322.jpg 300w, https:\/\/birewegge.com\/wp-content\/uploads\/2020\/08\/17_img01594-20120229-1322-225x300.jpg 225w\" sizes=\"auto, (max-width: 300px) 100vw, 300px\" \/><\/figure>\n\n\n\n<figure class=\"wp-block-image size-large\"><img loading=\"lazy\" decoding=\"async\" width=\"400\" height=\"300\" data-id=\"225\" src=\"https:\/\/birewegge.com\/wp-content\/uploads\/2020\/08\/17_img01613-20120229-1722.jpg\" alt=\"\" class=\"wp-image-225\" srcset=\"https:\/\/birewegge.com\/wp-content\/uploads\/2020\/08\/17_img01613-20120229-1722.jpg 400w, https:\/\/birewegge.com\/wp-content\/uploads\/2020\/08\/17_img01613-20120229-1722-300x225.jpg 300w\" sizes=\"auto, (max-width: 400px) 100vw, 400px\" \/><\/figure>\n\n\n\n<figure class=\"wp-block-image size-large\"><img loading=\"lazy\" decoding=\"async\" width=\"450\" height=\"600\" data-id=\"226\" src=\"https:\/\/birewegge.com\/wp-content\/uploads\/2020\/08\/17_img4164.jpg\" alt=\"\" class=\"wp-image-226\" srcset=\"https:\/\/birewegge.com\/wp-content\/uploads\/2020\/08\/17_img4164.jpg 450w, https:\/\/birewegge.com\/wp-content\/uploads\/2020\/08\/17_img4164-225x300.jpg 225w\" sizes=\"auto, (max-width: 450px) 100vw, 450px\" \/><\/figure>\n\n\n\n<figure class=\"wp-block-image size-large\"><img loading=\"lazy\" decoding=\"async\" width=\"450\" height=\"600\" data-id=\"227\" src=\"https:\/\/birewegge.com\/wp-content\/uploads\/2020\/08\/17_img4165.jpg\" alt=\"\" class=\"wp-image-227\" srcset=\"https:\/\/birewegge.com\/wp-content\/uploads\/2020\/08\/17_img4165.jpg 450w, https:\/\/birewegge.com\/wp-content\/uploads\/2020\/08\/17_img4165-225x300.jpg 225w\" sizes=\"auto, (max-width: 450px) 100vw, 450px\" \/><\/figure>\n\n\n\n<figure class=\"wp-block-image size-large\"><img loading=\"lazy\" decoding=\"async\" width=\"450\" height=\"600\" data-id=\"228\" src=\"https:\/\/birewegge.com\/wp-content\/uploads\/2020\/08\/17_img4166.jpg\" alt=\"\" class=\"wp-image-228\" srcset=\"https:\/\/birewegge.com\/wp-content\/uploads\/2020\/08\/17_img4166.jpg 450w, https:\/\/birewegge.com\/wp-content\/uploads\/2020\/08\/17_img4166-225x300.jpg 225w\" sizes=\"auto, (max-width: 450px) 100vw, 450px\" \/><\/figure>\n\n\n\n<figure class=\"wp-block-image size-large\"><img loading=\"lazy\" decoding=\"async\" width=\"450\" height=\"600\" data-id=\"229\" src=\"https:\/\/birewegge.com\/wp-content\/uploads\/2020\/08\/17_img4167.jpg\" alt=\"\" class=\"wp-image-229\" srcset=\"https:\/\/birewegge.com\/wp-content\/uploads\/2020\/08\/17_img4167.jpg 450w, https:\/\/birewegge.com\/wp-content\/uploads\/2020\/08\/17_img4167-225x300.jpg 225w\" sizes=\"auto, (max-width: 450px) 100vw, 450px\" \/><\/figure>\n\n\n\n<figure class=\"wp-block-image size-large\"><img loading=\"lazy\" decoding=\"async\" width=\"450\" height=\"600\" data-id=\"230\" src=\"https:\/\/birewegge.com\/wp-content\/uploads\/2020\/08\/17_img4214.jpg\" alt=\"\" class=\"wp-image-230\" srcset=\"https:\/\/birewegge.com\/wp-content\/uploads\/2020\/08\/17_img4214.jpg 450w, https:\/\/birewegge.com\/wp-content\/uploads\/2020\/08\/17_img4214-225x300.jpg 225w\" sizes=\"auto, (max-width: 450px) 100vw, 450px\" \/><\/figure>\n\n\n\n<figure class=\"wp-block-image size-large\"><img loading=\"lazy\" decoding=\"async\" width=\"600\" height=\"450\" data-id=\"231\" src=\"https:\/\/birewegge.com\/wp-content\/uploads\/2020\/08\/17_img4224.jpg\" alt=\"\" class=\"wp-image-231\" srcset=\"https:\/\/birewegge.com\/wp-content\/uploads\/2020\/08\/17_img4224.jpg 600w, https:\/\/birewegge.com\/wp-content\/uploads\/2020\/08\/17_img4224-300x225.jpg 300w\" sizes=\"auto, (max-width: 600px) 100vw, 600px\" \/><\/figure>\n\n\n\n<figure class=\"wp-block-image size-large\"><img loading=\"lazy\" decoding=\"async\" width=\"600\" height=\"450\" data-id=\"232\" src=\"https:\/\/birewegge.com\/wp-content\/uploads\/2020\/08\/17_img4244_v2.jpg\" alt=\"\" class=\"wp-image-232\" srcset=\"https:\/\/birewegge.com\/wp-content\/uploads\/2020\/08\/17_img4244_v2.jpg 600w, https:\/\/birewegge.com\/wp-content\/uploads\/2020\/08\/17_img4244_v2-300x225.jpg 300w\" sizes=\"auto, (max-width: 600px) 100vw, 600px\" \/><\/figure>\n\n\n\n<figure class=\"wp-block-image size-large\"><img loading=\"lazy\" decoding=\"async\" width=\"768\" height=\"1024\" data-id=\"233\" src=\"https:\/\/birewegge.com\/wp-content\/uploads\/2020\/08\/17_morgestraich2012-768x1024.jpg\" alt=\"\" class=\"wp-image-233\" srcset=\"https:\/\/birewegge.com\/wp-content\/uploads\/2020\/08\/17_morgestraich2012-768x1024.jpg 768w, https:\/\/birewegge.com\/wp-content\/uploads\/2020\/08\/17_morgestraich2012-225x300.jpg 225w, https:\/\/birewegge.com\/wp-content\/uploads\/2020\/08\/17_morgestraich2012-1152x1536.jpg 1152w, https:\/\/birewegge.com\/wp-content\/uploads\/2020\/08\/17_morgestraich2012-1536x2048.jpg 1536w, https:\/\/birewegge.com\/wp-content\/uploads\/2020\/08\/17_morgestraich2012-1600x2133.jpg 1600w, https:\/\/birewegge.com\/wp-content\/uploads\/2020\/08\/17_morgestraich2012-scaled.jpg 1920w\" sizes=\"auto, (max-width: 768px) 100vw, 768px\" \/><\/figure>\n\n\n\n<figure class=\"wp-block-image size-large\"><img loading=\"lazy\" decoding=\"async\" width=\"600\" height=\"450\" data-id=\"234\" src=\"https:\/\/birewegge.com\/wp-content\/uploads\/2020\/08\/17_t20602.jpg\" alt=\"\" class=\"wp-image-234\" srcset=\"https:\/\/birewegge.com\/wp-content\/uploads\/2020\/08\/17_t20602.jpg 600w, https:\/\/birewegge.com\/wp-content\/uploads\/2020\/08\/17_t20602-300x225.jpg 300w\" sizes=\"auto, (max-width: 600px) 100vw, 600px\" \/><\/figure>\n\n\n\n<figure class=\"wp-block-image size-large\"><img loading=\"lazy\" decoding=\"async\" width=\"600\" height=\"450\" data-id=\"235\" src=\"https:\/\/birewegge.com\/wp-content\/uploads\/2020\/08\/17_t2010603.jpg\" alt=\"\" class=\"wp-image-235\" srcset=\"https:\/\/birewegge.com\/wp-content\/uploads\/2020\/08\/17_t2010603.jpg 600w, https:\/\/birewegge.com\/wp-content\/uploads\/2020\/08\/17_t2010603-300x225.jpg 300w\" sizes=\"auto, (max-width: 600px) 100vw, 600px\" \/><\/figure>\n\n\n\n<figure class=\"wp-block-image size-large\"><img loading=\"lazy\" decoding=\"async\" width=\"450\" height=\"600\" data-id=\"236\" src=\"https:\/\/birewegge.com\/wp-content\/uploads\/2020\/08\/17_t2010615.jpg\" alt=\"\" class=\"wp-image-236\" srcset=\"https:\/\/birewegge.com\/wp-content\/uploads\/2020\/08\/17_t2010615.jpg 450w, https:\/\/birewegge.com\/wp-content\/uploads\/2020\/08\/17_t2010615-225x300.jpg 225w\" sizes=\"auto, (max-width: 450px) 100vw, 450px\" \/><\/figure>\n<\/figure>\n\n\n\n<p><em>Fasnacht 2012<\/em><\/p>\n\n\n\n<p>Sujet:&nbsp;<strong>Schn\u00e4ller als Liecht? Das kaa nit syy! E mod\u00e4\u00e4rne Sindefall<\/strong><\/p>\n\n\n\n<p>Lad\u00e4\u00e4rne: zaigt voorne: das kaa nit syy und hinde: das h\u00e4mmer au scho kaa<\/p>\n\n\n\n<p><em>Zuug: Mir sinn Alchemischte uff dr Suechi no Tachyonen, Neutrinos oder Hicks&nbsp;<br>in de dunggle Gasse vo dr Altstadt<\/em><\/p>\n\n\n\n<p><br><br>SCHN\u00c4LLER ALS LIECHT?<br>DAS KAA NIT SYY!<br>E mod\u00e4rne Sindefall<\/p>\n\n\n\n<p>Der Lieb Gott het zem Adam gsait, do hesch e scheene Garte<br>Mit Gmies und Obscht im Iberfluss, mit Dier vo allen Arte<br>Darfsch s luschtig mit der Eva ha, yy misch mi doo nit dryy<br>Doch gscheyter welle syy als ych darfsch nie: das kaa nit syy!<\/p>\n\n\n\n<p>Es goot kai Joor und d Menschhait keyt me us em Paradyys.<br>Zer Stroof fir d Iberhebligkait zaalt si e hooche Bryys.<br>Jetz wisse d Eva und der Adam, dass vo allen Affe<br>Mit Abstand si die schlauschte sinn, drfir mien si go schaffe.<\/p>\n\n\n\n<p>Im Huus zem S\u00e4ssel, bi s Frobens, am Dooteg\u00e4ssli drey<br>Im K\u00e4ller vo der Amerbach\u2018sche Biecherdruggerey<br>Gseet me der Doggter Paracelsus schaffe Nacht fir Nacht<br>Bewyyst, dass numme d Dosis d Wirggig vo de Gift uusmacht.<\/p>\n\n\n\n<p>In \u00c4rde, Wasser, Luft und Fyyr und in der Quintess\u00e4nz<br>Suecht \u00e4r no Mittel gege Hueschte, Gicht und Peschtill\u00e4nz<br>Er git vyyl mee uffs s\u00e4lber Forsche als uf alti Schrifte<br>Doch laider k\u00e4\u00e4m s au vor, dass \u00e4r Pati\u00e4nte d\u00e4\u00e4t vergifte.<\/p>\n\n\n\n<p>D Kollege an der Uni h\u00e4nn d\u00e4 Fyysigugger ghasst<br>Und au em Root vo Basel het d\u00e4 frey Gaischt nit so basst.<br>Drum ziet er furt vo Basel, d\u00e4re scheene Stadt am Rhy<br>Wil do bis hitte d Mainig herrscht, z vyyl Freyhait deerf nit syy.<\/p>\n\n\n\n<p>Der Galilei sait z Flor\u00e4nz, me miesi alles m\u00e4sse.<br>So wott \u00e4r d W\u00e4lt verstoo, \u00e4r isch uffs M\u00e4sse ganz vers\u00e4sse.<br>E F\u00e4\u00e4rnroor het er s\u00e4lber gmacht und het dermit entdeggt<br>Dass d \u00c4rde jedes Joor aimool um d Sunne sich bewegt.<\/p>\n\n\n\n<p>Grad die Erkenntnis bringt d\u00e4 Maa in allergreschti Gfoor.<br>Won \u00e4r sich z Rom mues m\u00e4lde, zaigt er stolz em Boopscht sy Roor.<br>Er sait em: \u00abIberzyg di s\u00e4lber, lueg doch aifach dryy!\u00bb<br>D\u00e4 waigeret sich standhaft, wil s nyt git, wo nit darf syy.<\/p>\n\n\n\n<p>Der Einstein het vor hundert Joor, pr\u00e4zis vor hundertsiibe<br>E grossi Theorie uffgschtellt und s W\u00e4ltbild ganz ney gschriibe.<br>Das h\u00e4mmer in der Schuel vernoo, zwoor mit e Bitz Verspeetig.<br>S isch kaine wirgglig noochekoo. Das syg au gar nit neetig!<\/p>\n\n\n\n<p>Mer haige aifach d Formlee z leere, hett der Leerer gsait<br>Es g\u00e4lti m mool c hoch zwai, in alli Ewigkait<br>Es kenn nyt schn\u00e4ller syy als Liecht, das lyychti allen yy<br>Sunscht k\u00e4m jo d Wirggig vor der Ursach und das kenn nit syy.<\/p>\n\n\n\n<p>Im CERN-Labor, grad n\u00e4be G\u00e4mf, dief in der \u00c4rden unde<br>Do draie glaini Daili als wie schn\u00e4ller iri Runde.<br>Denn s\u00e4ndet me si sibehundert Kilometer wyt<br>Und misst grad wie bim Riiseslalom iri Aakumftszyt.<\/p>\n\n\n\n<p>S Erg\u00e4bnis vo d\u00e4m Grossversuch hett d Forscher dieff beriert.<br>Si h\u00e4nn d Maschine iberprieft und s noonemool brobiert.<br>Und als wie mee stellt mit der Zyt sich d Iberzyygig yy<br>Es kenn vilicht doch ebbis schn\u00e4ller als e Liechtstraal syy.<\/p>\n\n\n\n<p>Die Sensation het wie e Lauffyyr d Rundi gmacht um d \u00c4rde.<br>Me sait, jetz miese vyyli Biecher ganz ney gschribe w\u00e4rde.<br>E Rais in fremdi W\u00e4lte schynt nimm ganz so futuristisch<br>Und d Wirggig vor der Ursach syg jetz zimlig realistisch.<\/p>\n\n\n\n<p>Dass d Ursach no der der Wirggig kunnt, ka uns nit wyter steere<br>Am Billjeautomat h\u00e4nn mir das au scho deerfe leere.<br>Zerscht mues me uff em Bildschirm, was me drugge soll, verstoo<br>Und wenn denn s Billjee uusekunnt, faart s Dr\u00e4mmli grad drvoo.<\/p>\n\n\n\n<p>Au in der grosse Politik stimmt unser W\u00e4ltbild nimme:<br>Der Putin isch scho Presid\u00e4nt, vor d Russe derfe stimme.<br>Und z Basel zaigt der Morin s glyych, mir mache jedi Wett:<br>D\u00e4 \u00e4nderet sy Standpunggt scho, bevor er aine het.<\/p>\n\n\n\n<p>Me schw\u00e4tzt vo Eichbotone, Quarks, Leptone und Myone<br>Vo Nukleone, Positrone, Higgs und vo Pione.<br>Jetz wisse mir efange nimm, was mir no solle d\u00e4ngge.<br>Mer kemme halt scho lang nimm druus &#8211; das kenne mir is sch\u00e4ngge.<\/p>\n\n\n\n<p>Au wenn is d Wisseschaftler unser W\u00e4ltbild dien erschittere<br>Au wenn die halbi W\u00e4lt mues vor der Wirtschaftgryyse zittere<br>Es git ai Gsetz vom Liecht, wo Lyt wie dir und mir begryffe:<br>Wenn s Liecht uusgoot, isch Morgeschtraich und mir feen afoo pfyffe.<\/p>\n\n\n\n<p>Wenn de uf em Minschterplatz d Lad\u00e4rne bewunderesch &#8211; das<br>ka me vom M\u00e4ntigzoobe bis am frieje Mittwuchmorge &#8211; ka s syy,<br>dass de der aint oder ander Alchemischt aadriffsch, wo sich bim<br>G\u00e4ssle erlyychte loot.<br>Aber am Donnschtigmorge geen d Lambben uus. Vebass es nit!<br>nd wenn s di gluschtet, mit uns Fasnacht z mache, gang doch<br>emool bi http:\/\/www.birewegge.com\/ go luege. Mer fraien ys!<\/p>\n","protected":false},"excerpt":{"rendered":"<p>Fasnacht 2012 Sujet:&nbsp;Schn\u00e4ller als Liecht? Das kaa nit syy! E mod\u00e4\u00e4rne Sindefall Lad\u00e4\u00e4rne: zaigt voorne: das kaa nit syy und&hellip;<\/p>\n","protected":false},"author":1,"featured_media":0,"parent":0,"menu_order":0,"comment_status":"closed","ping_status":"closed","template":"","meta":{"footnotes":""},"class_list":["post-219","page","type-page","status-publish","hentry"],"jetpack_sharing_enabled":true,"_links":{"self":[{"href":"https:\/\/birewegge.com\/index.php?rest_route=\/wp\/v2\/pages\/219","targetHints":{"allow":["GET"]}}],"collection":[{"href":"https:\/\/birewegge.com\/index.php?rest_route=\/wp\/v2\/pages"}],"about":[{"href":"https:\/\/birewegge.com\/index.php?rest_route=\/wp\/v2\/types\/page"}],"author":[{"embeddable":true,"href":"https:\/\/birewegge.com\/index.php?rest_route=\/wp\/v2\/users\/1"}],"replies":[{"embeddable":true,"href":"https:\/\/birewegge.com\/index.php?rest_route=%2Fwp%2Fv2%2Fcomments&post=219"}],"version-history":[{"count":2,"href":"https:\/\/birewegge.com\/index.php?rest_route=\/wp\/v2\/pages\/219\/revisions"}],"predecessor-version":[{"id":519,"href":"https:\/\/birewegge.com\/index.php?rest_route=\/wp\/v2\/pages\/219\/revisions\/519"}],"wp:attachment":[{"href":"https:\/\/birewegge.com\/index.php?rest_route=%2Fwp%2Fv2%2Fmedia&parent=219"}],"curies":[{"name":"wp","href":"https:\/\/api.w.org\/{rel}","templated":true}]}}