{"id":521,"date":"2022-03-14T18:28:15","date_gmt":"2022-03-14T18:28:15","guid":{"rendered":"http:\/\/birewegge.com\/?page_id=521"},"modified":"2025-08-08T13:17:06","modified_gmt":"2025-08-08T13:17:06","slug":"fasnacht-2022","status":"publish","type":"page","link":"https:\/\/birewegge.com\/?page_id=521","title":{"rendered":"Fasnacht 2022"},"content":{"rendered":"\n<figure class=\"wp-block-gallery has-nested-images columns-default is-cropped wp-block-gallery-1 is-layout-flex wp-block-gallery-is-layout-flex\">\n<figure class=\"wp-block-image size-large\"><img loading=\"lazy\" decoding=\"async\" width=\"1024\" height=\"683\" data-id=\"534\" src=\"https:\/\/birewegge.com\/wp-content\/uploads\/2022\/03\/0002-birewegge-1024x683.jpg\" alt=\"\" class=\"wp-image-534\" srcset=\"https:\/\/birewegge.com\/wp-content\/uploads\/2022\/03\/0002-birewegge-1024x683.jpg 1024w, https:\/\/birewegge.com\/wp-content\/uploads\/2022\/03\/0002-birewegge-300x200.jpg 300w, https:\/\/birewegge.com\/wp-content\/uploads\/2022\/03\/0002-birewegge-768x512.jpg 768w, https:\/\/birewegge.com\/wp-content\/uploads\/2022\/03\/0002-birewegge-1536x1024.jpg 1536w, https:\/\/birewegge.com\/wp-content\/uploads\/2022\/03\/0002-birewegge-2048x1365.jpg 2048w, https:\/\/birewegge.com\/wp-content\/uploads\/2022\/03\/0002-birewegge-1600x1067.jpg 1600w\" sizes=\"auto, (max-width: 1024px) 100vw, 1024px\" \/><\/figure>\n\n\n\n<figure class=\"wp-block-image size-large\"><img loading=\"lazy\" decoding=\"async\" width=\"1024\" height=\"768\" data-id=\"537\" src=\"https:\/\/birewegge.com\/wp-content\/uploads\/2022\/03\/IMG_4536-1024x768.jpeg\" alt=\"\" class=\"wp-image-537\" srcset=\"https:\/\/birewegge.com\/wp-content\/uploads\/2022\/03\/IMG_4536-1024x768.jpeg 1024w, https:\/\/birewegge.com\/wp-content\/uploads\/2022\/03\/IMG_4536-300x225.jpeg 300w, https:\/\/birewegge.com\/wp-content\/uploads\/2022\/03\/IMG_4536-768x576.jpeg 768w, https:\/\/birewegge.com\/wp-content\/uploads\/2022\/03\/IMG_4536.jpeg 1280w\" sizes=\"auto, (max-width: 1024px) 100vw, 1024px\" \/><\/figure>\n\n\n\n<figure class=\"wp-block-image size-large\"><img loading=\"lazy\" decoding=\"async\" width=\"1024\" height=\"485\" data-id=\"540\" src=\"https:\/\/birewegge.com\/wp-content\/uploads\/2022\/03\/2022-03-072001-1024x485.jpg\" alt=\"\" class=\"wp-image-540\" srcset=\"https:\/\/birewegge.com\/wp-content\/uploads\/2022\/03\/2022-03-072001-1024x485.jpg 1024w, https:\/\/birewegge.com\/wp-content\/uploads\/2022\/03\/2022-03-072001-300x142.jpg 300w, https:\/\/birewegge.com\/wp-content\/uploads\/2022\/03\/2022-03-072001-768x364.jpg 768w, https:\/\/birewegge.com\/wp-content\/uploads\/2022\/03\/2022-03-072001-1536x728.jpg 1536w, https:\/\/birewegge.com\/wp-content\/uploads\/2022\/03\/2022-03-072001-2048x971.jpg 2048w, https:\/\/birewegge.com\/wp-content\/uploads\/2022\/03\/2022-03-072001-1600x758.jpg 1600w\" sizes=\"auto, (max-width: 1024px) 100vw, 1024px\" \/><\/figure>\n\n\n\n<figure class=\"wp-block-image size-large\"><img loading=\"lazy\" decoding=\"async\" width=\"1024\" height=\"768\" data-id=\"539\" src=\"https:\/\/birewegge.com\/wp-content\/uploads\/2022\/03\/IMG_4586-1024x768.jpeg\" alt=\"\" class=\"wp-image-539\" srcset=\"https:\/\/birewegge.com\/wp-content\/uploads\/2022\/03\/IMG_4586-1024x768.jpeg 1024w, https:\/\/birewegge.com\/wp-content\/uploads\/2022\/03\/IMG_4586-300x225.jpeg 300w, https:\/\/birewegge.com\/wp-content\/uploads\/2022\/03\/IMG_4586-768x576.jpeg 768w, https:\/\/birewegge.com\/wp-content\/uploads\/2022\/03\/IMG_4586.jpeg 1280w\" sizes=\"auto, (max-width: 1024px) 100vw, 1024px\" \/><\/figure>\n\n\n\n<figure class=\"wp-block-image size-large\"><img loading=\"lazy\" decoding=\"async\" width=\"768\" height=\"1024\" data-id=\"538\" src=\"https:\/\/birewegge.com\/wp-content\/uploads\/2022\/03\/IMG_4584-768x1024.jpeg\" alt=\"\" class=\"wp-image-538\" srcset=\"https:\/\/birewegge.com\/wp-content\/uploads\/2022\/03\/IMG_4584-768x1024.jpeg 768w, https:\/\/birewegge.com\/wp-content\/uploads\/2022\/03\/IMG_4584-225x300.jpeg 225w, https:\/\/birewegge.com\/wp-content\/uploads\/2022\/03\/IMG_4584-rotated.jpeg 960w\" sizes=\"auto, (max-width: 768px) 100vw, 768px\" \/><\/figure>\n\n\n\n<figure class=\"wp-block-image size-large\"><img loading=\"lazy\" decoding=\"async\" width=\"1024\" height=\"683\" data-id=\"536\" src=\"https:\/\/birewegge.com\/wp-content\/uploads\/2022\/03\/0006-birewegge-1024x683.jpg\" alt=\"\" class=\"wp-image-536\" srcset=\"https:\/\/birewegge.com\/wp-content\/uploads\/2022\/03\/0006-birewegge-1024x683.jpg 1024w, https:\/\/birewegge.com\/wp-content\/uploads\/2022\/03\/0006-birewegge-300x200.jpg 300w, https:\/\/birewegge.com\/wp-content\/uploads\/2022\/03\/0006-birewegge-768x512.jpg 768w, https:\/\/birewegge.com\/wp-content\/uploads\/2022\/03\/0006-birewegge-1536x1024.jpg 1536w, https:\/\/birewegge.com\/wp-content\/uploads\/2022\/03\/0006-birewegge-2048x1366.jpg 2048w, https:\/\/birewegge.com\/wp-content\/uploads\/2022\/03\/0006-birewegge-1600x1067.jpg 1600w\" sizes=\"auto, (max-width: 1024px) 100vw, 1024px\" \/><\/figure>\n<\/figure>\n\n\n\n<p class=\"has-medium-font-size\"><strong>Prolog<\/strong><\/p>\n\n\n\n<p>Fascht hundert Joor lang het d Prinz\u00e4ssin miesse schloofe,<br>E beesi H\u00e4x wott si fir iri Scheenhait stroofe.<br>Im Keenigsschloss steen d Uure still, es git kai Zyt me,<br>Nur Doornegschtrych isch gwaggse, sunscht bewegt sich nyt me.<br>Der Fasnacht isch s vor zwai Joor \u00e4\u00e4nlig dr\u00e4ggig gange,<br>D Drummle sin gschr\u00e4nggt und d Gosdchdym h\u00e4ngge an der Stange,<br>Me isch parat gsi, frait sich uf der Morgeschtraich,<br>Do wird si abgsait &#8211; uus und fertig &#8211; son e Fruscht.<br>Der Fasnachtszeedel, wo mir synerzyt h\u00e4n welle<br>Verdaile, h\u00e4tt eych kenne hochbrisants verzelle, <br>Unglaubligs und politischs h\u00e4tt d\u00e4 Zeedel brichtet;<br>Mer h\u00e4n en bindlet und als Alpapyyr vernichtet.<br>Wo d Keenigsdochter \u00e4ndlig iri Augen uffmacht<br>Und wo d Frau Fasnacht wider us em Diefschloof uffwacht, <br>Wird baide klar, s isch alles no bim Alte bliibe,<br>Drum h\u00e4nn mer au der glyychi Zeedel noomool gschriibe.<\/p>\n\n\n\n<p class=\"has-medium-font-size\"><strong>D Elsbeete \u2013 zem Eerschte 2020 <\/strong><br><strong>zem Zwaite 2021, zem Dritte 2022<\/strong><\/p>\n\n\n\n<p>Der Christoph Meeriaa sait zue der Margarete:<br>\u00abI mach mer schw\u00e4\u00e4ri Soorge, Grittli, um d Elsbeete<br>Der Stai verwitteret, es hoggt mer in de Gnoche,<br>Grad geschter isch am Duurm e gosses Stigg abbroche. <br>My ganzes L\u00e4\u00e4be lang bin i e fromme Chrischt gsi,<br>Als Gsch\u00e4ftsmaa bin i aber au e Realischt gsi.<br>Drum glaub i, dass mer is vom Gotteshuus mien drenne, <br>Wenn d Basler Kirche d Hypothek nimm zaale kenne. <br>Mir h\u00e4n is d\u00e4nggt, wo mer no gl\u00e4bt h\u00e4n uff der \u00c4rde,<br>D Elsbeete sotti unser Mausoleum w\u00e4rde,<br>I main, mer kennte der Verluscht ganz guet verlyyde, <br>Uff unsre Greeber steen jo schliesslig Pyramide.\u00bb<\/p>\n\n\n\n<p class=\"has-text-align-left\"><em>E Gricht goot um in unsre Gasse: <br>D Elsbeetekirche, saage d Lyt, <br>Well nimme so ins Stadtbild basse <br>Und au nid r\u00e4cht in unsri Zyt.<br>Wil d Keschte us em Rueder laufe, <br>Haig s Inveschtiere weenig Sinn. <br>Drum well me d Baustell jetz verkaufe, <br>Guet baslerisch, mit r\u00e4chtem Gwinn.<\/em><\/p>\n\n\n\n<p>Scho glyy het me en Aazaig formuliert <br>Und w\u00e4ltwyt in de Medie inseriert:<\/p>\n\n\n\n<p>D Elsbeetekirche, butzt und dekoriert, <br>W\u00e4rd an solv\u00e4nti Bieter offeriert.<br>D\u00e4m, wo der Zueschlaag haig, w\u00e4rd gratuliert, <br>Grad no em Unterschryybe w\u00e4rd kassiert,<br>Zem Abschluss L\u00e4ggerli und wysse Wyy serviert. <br>Scho d Wuche druff w\u00e4rd d Kirche demontiert,<br>E jeede Arbetsschritt protokolliert, <br>Fachm\u00e4nnisch alti Sch\u00e4de repariert.<br>Der hinderscht Stai w\u00e4rd digitalisiert, <br>Fotografiert und duurenummeriert,<br>In Schachtle yypaggt, suuber palettiert, <br>Gschwind zollfrey uff em Dreyspitz deponiert, <br>Und w\u00e4ltwyt bis an d Diire transportiert.<br>E Biechli g\u00e4b s derzue, ryych illustriert,<br>Wo Schritt fir Schritt der Neybau instruiert.<br>Fir Frooge sig e Hotline installiert.<br>W\u00e4r Inter\u00e4sse haig, soll sofort reagiere,<br>S Proj\u00e4ggt mit Bilder und mit Bl\u00e4\u00e4n dokumentiere, <br>In kurze Wort, das wo me mache well, beschryybe. <br>Haig me der Stutz nid uf de Hyffe, liess me s blyybe!<\/p>\n\n\n\n<p>D Annonce het e riisegrosse Aaglang gfunde;<br>S erscht Aagebot landet im Roothuus innert Stunde.<\/p>\n\n\n\n<p><\/p>\n\n\n\n<p>Us Argentinie kunnt e Mail vom Don Ram\u00f3n<br>\u00abIo quiero realmente la reconstrucci\u00f3n!\u00bb<br>Zmitts in der Pampa soll die Kirche uffgstellt w\u00e4rde <br>Als Stall vo Bethlehem bi myne Rinderh\u00e4rde <br>Illuminiert und aagmoolt, s kunnt nid uff d Million aa. <br>\u00abViva l \u0301lglesia Sagrada Maradona!\u00bb<\/p>\n\n\n\n<p>Der Emir Selim Ali Baba suecht e Woonig.<br>Gnue Blatz fir sini Fraue gfunde het er noonig.<br>Er losst d Elsbeete provisorisch reserviere,<br>Denn h\u00e4tt er weenigschtens e Garasch zem parkiere.<\/p>\n\n\n\n<p>E Pizzaiolo bringt e Briefli us Camini<br>Er isch an aim Stigg gfaare in sim Lamborghini<br>\u00abMir w\u00e4nn d\u00e4 Staibruch per lavare la moneta,<br>Tanti saluti, la Famiglia `Ndrangheta.<br>Mer zaale, ooni Quittig, quindici millioni,<br>Die eerschte fimf uff d Hand, der R\u00e4scht in panettoni\u00bb.<\/p>\n\n\n\n<p>Me kennt no dausig Byspil bringe<br>Vo Banggier, Firschte &#8211; Frau und Maa &#8211; <br>Vo Popstars, wo nimm meege singe <br>Vo Eerbe, Glanz und Gloria<br>Im Grund gnoo sin si alli glyych:<br>Ytel, beschr\u00e4nggtt, saum\u00e4ssig ryych. <br>Si sin mit Aaw\u00e4lt und Berooter,<br>Mit Boys und scheene Fraue ko<br>Und guet bewacht vo s\u00e4chzig Schroter <br>Gseet me si in d Elsbeete go.<br>Au promin\u00e4nti Basler Gstalte<br>Sin doo, gwiss hundert oder mee,<br>Der Kircheroot, mit Kummerfalte,<br>D Regierig kunnt in corpore.<\/p>\n\n\n\n<p>Zeerscht redt der Groosrootsbresid\u00e4nt, <br>Denn orgelet e Bach-Choral,<br>Der Pfarrer isch im Elem\u00e4nt,<br>Em Publikum isch das egal.<br>S isch numme wichtig, w\u00e4r wird biete, <br>Wenn s loosgoot mit der groosse Gant, <br>W\u00e4r blybt derbyy, w\u00e4r isch e Niete? <br>Der Glotz isch s ainzig interessant. <br>\u00c4ndlig kunnt d Attraktion vom Oobe, <br>Es git e hailloos Duurenand.<br>Die ainte schreye, biete, tobe, <br>Die andre lipfe numme d Hand. <br>No kurzer Zyt isch alles umme, <br>Uff s Mool g\u00e4n alli Bieter Rue, <br>Denn botte isch e Riisesumme, <br>Wo alli wisse: \u00abJetz isch gnue!\u00bb<\/p>\n\n\n\n<p>Do rieft der Gantbeamti stolz:<br>\u00abZem Eerschte\u00bb, loot der Hammer falle, <br>\u00abZem Zwaite\u00bb schreyt er, haut uff s Holz, <br>Me heert der Schall im Saal verhalle. <br>Zem dritte Mool, hebt er der Hammer, <br>Jetz bietet sicher kaine mee.<br>Die Eerschte paggt der Katzejammer: <br>Grad isch es um d Elsbeete gschee!<\/p>\n\n\n\n<p>Uff ai Schlaag isch der Ruum verdungglet, <br>S wird dootestill und yysig kalt,<br>Numme en ainzig Kerzli fungglet,<br>Es lyychtet uff e blaichi Gstalt.<br>Kalkwyss im Gsicht, in Lyynef\u00e4tze <br>Stoot si im Chor vom Kircheruum, <br>Mit l\u00e4\u00e4rem Bligg foot si aa schw\u00e4tze, <br>Und lyyser Stimm, me heert sy kuum:<\/p>\n\n\n\n<p><em>\u00abMy Maa und ych h\u00e4n in der Gruft <br>Dief under d\u00e4re Kirche unde,<br>Wo s dischter isch und stiggig d Luft, <br>Vor luter Eerger d Rue nimm gfunde. <br>Der Ungaischt vo der Zyt regiert;<br>D Kultur isch uff der Streggi bliibe.<br>Der Christoph h\u00e4tt scho resigniert,<br>Mii het my Wuet do uffe driibe.<br>H\u00e4nd iir denn us der Gschicht nyt gleert <br>Iir jeemerlige Rappespalter?<br>Die scheeni Stadt isch glyy zersteert <br>Vo myyserable Sachverwalter.<br>Sin iir au arm wie Kirchemyys,<br>Isch eyre Gyz am \u00c4nd fir d Katz,<br>Iir gsch\u00e4ftet uff die glyychi Wyys <br>Wie syynerzyt bim Minschterschatz. <br>D Stadt Basel bringet iir in Gfoor, <br>Wenn iir si w\u00e4nnd verquante.<br>W\u00e4nn er vilicht no s Spaledoor <br>Oder der Rhy vergante?<br>Versch\u00e4rbelet doch s Wildt\u2019sche Huus <br>Und zleschem\u00e4nd no s Minschter &#8230;.\u201c <br>Do bloost e Windstoss s Kerzli uus, <br>Im Kircheschiff isch s finschter.<\/em><\/p>\n\n\n\n<p>Wo s Liecht aagoot, isch d Kirche l\u00e4\u00e4r, <br>In h\u00e4ller Panik isch me gflichtet<br>Und wenn d\u00e4 Zeedel doo nit w\u00e4r, <br>H\u00e4tt niemer vo d\u00e4m Vorfall brichtet. <br>Mer w\u00e4nn jo d Wooret nid verstegge, <br>Hasta la vista, d Birewegge!<\/p>\n\n\n\n<p>Z letscht kunnt e B-Boscht Brief us H\u00e4felfinge:<br>\u00abDir d\u00f6\u00f6rfet eue Bausatz g\u00e4rn do uufe bringe.<br>E Chilche feelt eus no, die ch\u00f6nnt eus intressiere, <br>Voruusgsetzt s ganz Proj\u00e4kt w\u00fc\u00fcrd Basel finanziere.\u00bb<\/p>\n","protected":false},"excerpt":{"rendered":"<p>Prolog Fascht hundert Joor lang het d Prinz\u00e4ssin miesse schloofe,E beesi H\u00e4x wott si fir iri Scheenhait stroofe.Im Keenigsschloss steen&hellip;<\/p>\n","protected":false},"author":1,"featured_media":0,"parent":0,"menu_order":0,"comment_status":"closed","ping_status":"closed","template":"","meta":{"footnotes":""},"class_list":["post-521","page","type-page","status-publish","hentry"],"jetpack_sharing_enabled":true,"_links":{"self":[{"href":"https:\/\/birewegge.com\/index.php?rest_route=\/wp\/v2\/pages\/521","targetHints":{"allow":["GET"]}}],"collection":[{"href":"https:\/\/birewegge.com\/index.php?rest_route=\/wp\/v2\/pages"}],"about":[{"href":"https:\/\/birewegge.com\/index.php?rest_route=\/wp\/v2\/types\/page"}],"author":[{"embeddable":true,"href":"https:\/\/birewegge.com\/index.php?rest_route=\/wp\/v2\/users\/1"}],"replies":[{"embeddable":true,"href":"https:\/\/birewegge.com\/index.php?rest_route=%2Fwp%2Fv2%2Fcomments&post=521"}],"version-history":[{"count":4,"href":"https:\/\/birewegge.com\/index.php?rest_route=\/wp\/v2\/pages\/521\/revisions"}],"predecessor-version":[{"id":554,"href":"https:\/\/birewegge.com\/index.php?rest_route=\/wp\/v2\/pages\/521\/revisions\/554"}],"wp:attachment":[{"href":"https:\/\/birewegge.com\/index.php?rest_route=%2Fwp%2Fv2%2Fmedia&parent=521"}],"curies":[{"name":"wp","href":"https:\/\/api.w.org\/{rel}","templated":true}]}}