{"id":560,"date":"2025-08-08T13:28:07","date_gmt":"2025-08-08T13:28:07","guid":{"rendered":"https:\/\/birewegge.com\/?page_id=560"},"modified":"2025-08-08T13:28:08","modified_gmt":"2025-08-08T13:28:08","slug":"fasnacht-2025","status":"publish","type":"page","link":"https:\/\/birewegge.com\/?page_id=560","title":{"rendered":"Fasnacht 2025"},"content":{"rendered":"\n<p>DIE ALTE GAISCHTER KEMME ZRUGG<br>Die ganzi W\u00e4lt isch grangg, d Prognose eender schl\u00e4cht.<br>E Bligg in jedi Zytig zaigt: es git nyt z lache<br>Und was is s F\u00e4rnsee brichtet, deprimiert erscht r\u00e4cht.<br>Wie ka me iberhaupt no freelig Fasnacht mache?<br>In d\u00e4re Stimmig sitzt e Grippli um um der Disch<br>Me isch verpflichtet, hitt e Fasnachtssujet z sueche,<br>Ains wo politisch, kritsch und au luschtig isch,<br>Do hilft kai Joomere, kai Hyyle und kai Flueche.<br>Mer h\u00e4n is muetig d\u00e4re schw\u00e4re n Ufgoob gstellt<br>Mit Iberleege, Diskutiere, Z\u00e4mmefasse,<br>Am \u00c4ndi simmer ainer Mainig \u2013 und das zellt:<br>In unsri Zyt kennt jo e Gaischtersujet basse.<\/p>\n\n\n\n<p><br>Die alti Gaischterbaan kunnt n\u00e4mmlig zrugg im Summer<br>Der Tinguely wurd hundert Joor alt n\u00e4ggschte Mai.<br>Me weggt si zue d\u00e4m Aaloss us em diefe Schlummer<br>Und stellt e grossi Jubil\u00e4umsschau uf d Bai.<br>Uf aimool schw\u00e4rmen alli vo der Rais im Dunggle,<br>Wo s eerscht vo vyyle Dootegripp us Gips ufdaucht.<br>Mit roten Auge, wo wie uf Kommando funggle,<br>De heersch, wie s gr\u00e4sslig lacht und steent und wietig faucht.<br>Im erschte Stogg gseesch fir e glai Mom\u00e4ntli uuse,<br>Drno fiert aabeszue die wildi Doodesfaart<br>Und in der Finschternis paggt di scho wider s Gruuse,<br>Wenn s W\u00e4geli sogar e Lyyche iberkaart.<br>Im Dooteliecht erschyyne Spinne, Drache,<br>E H\u00e4x streggt gf\u00e4\u00e4rlig iiri Gnocheh\u00e4nd.<br>Numme kai Angscht, si ka dir nyt mee mache:<br>No anderhalb Minute isch der Spugg scho z \u00c4nd.<\/p>\n\n\n\n<p><br>Es isch glyy zwelfi znacht, drum mach i mi uf d Sogge,<br>Mi Kopf isch schw\u00e4r vom Diskutiere und em Wyy.<br>Am Peterskirchblatz bin i feechterlig verschrogge,<br>Als dunggle Schatte huscht en Altfrangg gschwind verbyy.<br>Dur s Dooteg\u00e4ssli kemme hundert Joomergstalte,<br>E stummi Prozession, aagfiert vom S\u00e4nsemaa,<br>Mit graue Dootehemmli, lecherige, alte.<br>Kinden is die em\u00e4nd die n\u00e4ggschti Syychi aa?<br>Und han i nid der David Joris, gsee verschwinde,<br>Under sim Arm drait \u00e4r der Kopf, wie sich s halt gheert?<br>Am Minschterb\u00e4rg kenn me e Gloschterbrueder finde,<br>Wo flyssig liist und b\u00e4ttet, wenn en kaine steert.<\/p>\n\n\n\n<p><br>Jetz l\u00e4ngts! Als Basler glaubt me schliesslig nid an Gaischter,<br>Der Glopfgaischt drummlet me und pyffet en, wemme ka.<br>No eender wurd der FCB in d\u00e4m Joor Maischter,<br>Doch, simmer mer eerlig, glaube mir au do nid draa.<\/p>\n\n\n\n<p><br>S isch aber z frie zem triumphiere,<br>Es g\u00e4b die alte Gaischter nimm.<br>Die wo im Undergrund agiere,<br>Sin wider do \u2013 und das isch schlimm.<br>Me gseet si wider defiliere,<br>Im St\u00e4chschritt wie vor nyynzig Joor,<br>Si syyge s Volgg, heersch si skandiere,<br>Au wemme waiss, das isch nit woor,<br>Si leen sich n\u00e4mmlig finanziere<br>Vo Lyt mit diggem Bortmonee.<br>Und morn w\u00e4nn si denn d W\u00e4lt regiere<br>Mit FP\u00d6 und AfD.<br>Si faggle Kirchen ab in Schwede,<br>Bi uns sin glyy d Moschee draa,<br>Vo Synagoge gar nid z rede,<br>Die sin iir Zyyl, vo Aafang aa.<br>Und ains, wo alle z\u00e4mme klar isch \u2013<br>Fir sii isch s Religion und Gsetz:<br>Isch ebber nid konform und arisch<br>Denn gheert er uuse und zwor jetz.<\/p>\n\n\n\n<p><br>Au Fraue leen sich engagiere,<br>Aini isch z Franggryych popul\u00e4r,<br>Wott d Macht vo M\u00e4nner zementiere,<br>Duet, wie wenn das vernimftig w\u00e4r.<br>Derbyy, das darf me nid verg\u00e4sse,<br>Het s\u00e4lli numme Gryyde gfr\u00e4sse.<br>Im Haimetland vo Pasolini,<br>Bennato, Eco, Boccherini,<br>Bialetti, Rota und Nannini,<br>Giordano Bruno, Peterlini,<br>Da Vinci, Tizian und Panini \u2013<br>Uusgr\u00e4chnet in d\u00e4m scheene Land<br>Schw\u00e4rmt aini fr\u00e4ch vom Mini<br>Und s isch no d Chefin &#8211; so e Schand!<br>Mir w\u00e4nn do kaini N\u00e4mme nenne,<br>Au nid vo d\u00e4m z Amerika,<br>Wil mir die N\u00e4mme alli kenne,<br>Wo me scho gar nimm heere ka.<br>Sii derfe allerdings nit d\u00e4ngge,<br>Es syygi besser in der Schwyz.<br>Vom stuure Freyhaits-Dryychle schw\u00e4ngge<br>Isch s nimm so wyt zem Hooggegryz.<\/p>\n\n\n\n<p><br>Mir w\u00e4nn Sii aber nit bedriebe,<br>Drum leemer s Zeedel Dichte sy,<br>Geen gscheyter go der Altfrangg iebe,<br>Der Rhyysprung, z Basel an mim Rhyy.<br>Nadyrlig w\u00e4mmer Fasnacht mache<br>Und s Unr\u00e4cht bi sim Namme nenne,<br>In Freyhait l\u00e4schtere und lache,<br>Solang mer das bi uns no kenne.<\/p>\n\n\n\n<p><br>Wotsch go spaziere mit dim Schatz,<br>Denn h\u00e4tt i en Idee:<br>Am Zyschtig uf em Minschterblatz<br>Ka me Ladarne gsee.<\/p>\n","protected":false},"excerpt":{"rendered":"<p>DIE ALTE GAISCHTER KEMME ZRUGGDie ganzi W\u00e4lt isch grangg, d Prognose eender schl\u00e4cht.E Bligg in jedi Zytig zaigt: es git&hellip;<\/p>\n","protected":false},"author":1,"featured_media":0,"parent":0,"menu_order":0,"comment_status":"closed","ping_status":"closed","template":"","meta":{"footnotes":""},"class_list":["post-560","page","type-page","status-publish","hentry"],"jetpack_sharing_enabled":true,"_links":{"self":[{"href":"https:\/\/birewegge.com\/index.php?rest_route=\/wp\/v2\/pages\/560","targetHints":{"allow":["GET"]}}],"collection":[{"href":"https:\/\/birewegge.com\/index.php?rest_route=\/wp\/v2\/pages"}],"about":[{"href":"https:\/\/birewegge.com\/index.php?rest_route=\/wp\/v2\/types\/page"}],"author":[{"embeddable":true,"href":"https:\/\/birewegge.com\/index.php?rest_route=\/wp\/v2\/users\/1"}],"replies":[{"embeddable":true,"href":"https:\/\/birewegge.com\/index.php?rest_route=%2Fwp%2Fv2%2Fcomments&post=560"}],"version-history":[{"count":1,"href":"https:\/\/birewegge.com\/index.php?rest_route=\/wp\/v2\/pages\/560\/revisions"}],"predecessor-version":[{"id":562,"href":"https:\/\/birewegge.com\/index.php?rest_route=\/wp\/v2\/pages\/560\/revisions\/562"}],"wp:attachment":[{"href":"https:\/\/birewegge.com\/index.php?rest_route=%2Fwp%2Fv2%2Fmedia&parent=560"}],"curies":[{"name":"wp","href":"https:\/\/api.w.org\/{rel}","templated":true}]}}