{"id":59,"date":"2020-05-03T09:52:57","date_gmt":"2020-05-03T09:52:57","guid":{"rendered":"http:\/\/birewegge.com\/?page_id=59"},"modified":"2020-08-19T17:08:12","modified_gmt":"2020-08-19T17:08:12","slug":"repertoire","status":"publish","type":"page","link":"https:\/\/birewegge.com\/?page_id=59","title":{"rendered":"Repertoire"},"content":{"rendered":"\n<p>Alte<\/p>\n\n\n\n<p>Altfrangg<\/p>\n\n\n\n<p>Arabi<\/p>\n\n\n\n<p>Aupr\u00e8s de ma blonde<\/p>\n\n\n\n<p>Barogg<\/p>\n\n\n\n<p>Brite 79<\/p>\n\n\n\n<p>Celanese<\/p>\n\n\n\n<p>Concorde<\/p>\n\n\n\n<p>Die Alti Fasnacht<\/p>\n\n\n\n<p>Domino<\/p>\n\n\n\n<p>Dritt V\u00e4rs<\/p>\n\n\n\n<p>D\u00fcsef\u00e4ger<\/p>\n\n\n\n<p>Duudelsagg<\/p>\n\n\n\n<p>Faschdewaje,<\/p>\n\n\n\n<p>Feschtspil<\/p>\n\n\n\n<p>Festival<\/p>\n\n\n\n<p>G\u00e4ssler<\/p>\n\n\n\n<p>Glopfgaischt<\/p>\n\n\n\n<p>Hofnaar<\/p>\n\n\n\n<p>Klezmer<\/p>\n\n\n\n<p>L\u00e4ggerli<\/p>\n\n\n\n<p>Luuser<\/p>\n\n\n\n<p>M\u00e4tzli<\/p>\n\n\n\n<p>Morgestraich<\/p>\n\n\n\n<p>Naarebaschi<\/p>\n\n\n\n<p>Neye Glaibasler<\/p>\n\n\n\n<p>Neye Schwyzer<\/p>\n\n\n\n<p>Nunnefirzli<\/p>\n\n\n\n<p>Ohremyggeli<\/p>\n\n\n\n<p>Pumperniggel<\/p>\n\n\n\n<p>Retraite<\/p>\n\n\n\n<p>Rhysprung<\/p>\n\n\n\n<p>Rossignol<\/p>\n\n\n\n<p>Routesymphonie<\/p>\n\n\n\n<p>Ryslaifer<\/p>\n\n\n\n<p>Saggoddo<\/p>\n\n\n\n<p>Sambre &amp; Meuse<\/p>\n\n\n\n<p>Schlangef\u00e4nger<\/p>\n\n\n\n<p>Ueli<\/p>\n\n\n\n<p>Vaudois<\/p>\n\n\n\n<p>Veegel<\/p>\n\n\n\n<p>Whisky Soda<\/p>\n\n\n\n<p>Winschdy<\/p>\n\n\n\n<p>Yankee<\/p>\n\n\n\n<p>z&#8217; Basel<\/p>\n","protected":false},"excerpt":{"rendered":"<p>Alte Altfrangg Arabi Aupr\u00e8s de ma blonde Barogg Brite 79 Celanese Concorde Die Alti Fasnacht Domino Dritt V\u00e4rs D\u00fcsef\u00e4ger Duudelsagg&hellip;<\/p>\n","protected":false},"author":1,"featured_media":0,"parent":0,"menu_order":3,"comment_status":"closed","ping_status":"closed","template":"","meta":{"footnotes":""},"class_list":["post-59","page","type-page","status-publish","hentry"],"jetpack_sharing_enabled":true,"_links":{"self":[{"href":"https:\/\/birewegge.com\/index.php?rest_route=\/wp\/v2\/pages\/59","targetHints":{"allow":["GET"]}}],"collection":[{"href":"https:\/\/birewegge.com\/index.php?rest_route=\/wp\/v2\/pages"}],"about":[{"href":"https:\/\/birewegge.com\/index.php?rest_route=\/wp\/v2\/types\/page"}],"author":[{"embeddable":true,"href":"https:\/\/birewegge.com\/index.php?rest_route=\/wp\/v2\/users\/1"}],"replies":[{"embeddable":true,"href":"https:\/\/birewegge.com\/index.php?rest_route=%2Fwp%2Fv2%2Fcomments&post=59"}],"version-history":[{"count":2,"href":"https:\/\/birewegge.com\/index.php?rest_route=\/wp\/v2\/pages\/59\/revisions"}],"predecessor-version":[{"id":506,"href":"https:\/\/birewegge.com\/index.php?rest_route=\/wp\/v2\/pages\/59\/revisions\/506"}],"wp:attachment":[{"href":"https:\/\/birewegge.com\/index.php?rest_route=%2Fwp%2Fv2%2Fmedia&parent=59"}],"curies":[{"name":"wp","href":"https:\/\/api.w.org\/{rel}","templated":true}]}}